{"id":1008,"date":"2024-05-21T02:01:16","date_gmt":"2024-05-21T00:01:16","guid":{"rendered":"https:\/\/www.collinder.se\/?post_type=product&#038;p=1008"},"modified":"2026-04-29T14:39:04","modified_gmt":"2026-04-29T12:39:04","slug":"208-switch-off-the-power-before-starting-work","status":"publish","type":"product","link":"https:\/\/www.collinder.se\/en\/produkt\/208-bryt-strommen-innan-arbete-paborjas-afs\/","title":{"rendered":"208 Bryt str\u00f6mmen innan arbete p\u00e5b\u00f6rjas (AFS)"},"content":{"rendered":"<h2 class=\"smaller\">Varningsskylt vid arbete med elektrisk str\u00f6m<\/h2>\n<p data-start=\"297\" data-end=\"569\">Varningsskylt enligt AFS med symbol 208 och standardtext \u201dBryt str\u00f6mmen innan arbete p\u00e5b\u00f6rjas\u201d. Skylten anv\u00e4nds f\u00f6r att tydligt informera om att str\u00f6mmen ska brytas innan arbete utf\u00f6rs, vilket bidrar till \u00f6kad s\u00e4kerhet vid arbete p\u00e5 eller n\u00e4ra elektriska installationer.<br \/>\nSkylten \u00e4r tillverkad i 1 mm plast och anpassad f\u00f6r anv\u00e4ndning i industriella milj\u00f6er. Levereras med 4 st f\u00f6rborrade h\u00e5l f\u00f6r enkel montering.<br \/>\nF\u00f6r andra storlekar eller utf\u00f6randen \u00e4n angivna alternativ, v\u00e4nligen <a href=\"https:\/\/www.collinder.se\/kontakt\/\">kontakta oss.<\/a><\/p>\n<ul>\n<li data-start=\"297\" data-end=\"569\"><strong data-start=\"721\" data-end=\"753\">Tydlig s\u00e4kerhetsinformation:<\/strong> P\u00e5minner om att str\u00f6mmen ska brytas f\u00f6re arbete.<\/li>\n<li data-start=\"297\" data-end=\"569\"><strong data-start=\"805\" data-end=\"824\">AFS-symbol 208:<\/strong> Uppfyller krav p\u00e5 varningsm\u00e4rkning i arbetsmilj\u00f6er.<\/li>\n<li data-start=\"297\" data-end=\"569\"><strong data-start=\"879\" data-end=\"903\">Slitstarkt material:<\/strong> Tillverkad i 1 mm plast f\u00f6r tekniska milj\u00f6er.<\/li>\n<li data-start=\"297\" data-end=\"569\"><strong data-start=\"952\" data-end=\"972\">Enkel montering:<\/strong> Levereras med 4 st h\u00e5l f\u00f6r smidig installation.<\/li>\n<\/ul>\n","protected":false},"excerpt":{"rendered":"Plastskylt med symbol 208 och standardtext \u201dBryt str\u00f6mmen innan arbete p\u00e5b\u00f6rjas\u201d. Tillverkad i 1 mm plast och levereras med 4 st h\u00e5l.","protected":false},"featured_media":22519,"template":"","meta":{"_acf_changed":false},"product_brand":[1430],"product_cat":[1742,135,1719,1743,180],"product_tag":[],"class_list":{"0":"post-1008","1":"product","2":"type-product","3":"status-publish","4":"has-post-thumbnail","6":"product_brand-collinder","7":"product_cat-informationsskyltar","8":"product_cat-varning-iso-och-afs","9":"product_cat-varningsdekaler-iso-afs","10":"product_cat-varningsskyltar-iso-afs-skyltar","11":"product_cat-varselskyltar-for-bryt-las","13":"first","14":"onbackorder","15":"taxable","16":"shipping-taxable","17":"purchasable","18":"product-type-variable","19":"add-to-wishlist-before_image"},"acf":[],"_links":{"self":[{"href":"https:\/\/www.collinder.se\/wp-json\/wp\/v2\/product\/1008","targetHints":{"allow":["GET"]}}],"collection":[{"href":"https:\/\/www.collinder.se\/wp-json\/wp\/v2\/product"}],"about":[{"href":"https:\/\/www.collinder.se\/wp-json\/wp\/v2\/types\/product"}],"wp:featuredmedia":[{"embeddable":true,"href":"https:\/\/www.collinder.se\/wp-json\/wp\/v2\/media\/22519"}],"wp:attachment":[{"href":"https:\/\/www.collinder.se\/wp-json\/wp\/v2\/media?parent=1008"}],"wp:term":[{"taxonomy":"product_brand","embeddable":true,"href":"https:\/\/www.collinder.se\/wp-json\/wp\/v2\/product_brand?post=1008"},{"taxonomy":"product_cat","embeddable":true,"href":"https:\/\/www.collinder.se\/wp-json\/wp\/v2\/product_cat?post=1008"},{"taxonomy":"product_tag","embeddable":true,"href":"https:\/\/www.collinder.se\/wp-json\/wp\/v2\/product_tag?post=1008"}],"curies":[{"name":"wp","href":"https:\/\/api.w.org\/{rel}","templated":true}]}}