{"id":1063,"date":"2024-05-21T02:01:45","date_gmt":"2024-05-21T00:01:45","guid":{"rendered":"https:\/\/www.collinder.se\/?post_type=product&#038;p=1063"},"modified":"2026-04-29T14:40:38","modified_gmt":"2026-04-29T12:40:38","slug":"303-horseshoe-covers-must-be-used","status":"publish","type":"product","link":"https:\/\/www.collinder.se\/en\/produkt\/303-horselskydd-maste-anvandas-afs\/","title":{"rendered":"303 H\u00f6rselskydd m\u00e5ste anv\u00e4ndas (AFS)"},"content":{"rendered":"","protected":false},"excerpt":{"rendered":"Symbol 303 Med\/Utan text. Plast- och aluminiumskylt har tjocklek 1 mm och levereras med 4 st h\u00e5l. F\u00f6r andra storlekar och laminat \u00e4n angivna\/valbara, kontakta oss!","protected":false},"featured_media":22610,"template":"","meta":{"_acf_changed":false},"product_brand":[1430],"product_cat":[1742,136,1720,1730],"product_tag":[],"class_list":{"0":"post-1063","1":"product","2":"type-product","3":"status-publish","4":"has-post-thumbnail","6":"product_brand-collinder","7":"product_cat-informationsskyltar","8":"product_cat-pabuds-iso-och-afs","9":"product_cat-pabudsdekaler-iso-afs","10":"product_cat-pabudsskyltar-iso-afs","12":"first","13":"onbackorder","14":"taxable","15":"shipping-taxable","16":"purchasable","17":"product-type-variable","18":"add-to-wishlist-before_image"},"acf":[],"_links":{"self":[{"href":"https:\/\/www.collinder.se\/wp-json\/wp\/v2\/product\/1063","targetHints":{"allow":["GET"]}}],"collection":[{"href":"https:\/\/www.collinder.se\/wp-json\/wp\/v2\/product"}],"about":[{"href":"https:\/\/www.collinder.se\/wp-json\/wp\/v2\/types\/product"}],"wp:featuredmedia":[{"embeddable":true,"href":"https:\/\/www.collinder.se\/wp-json\/wp\/v2\/media\/22610"}],"wp:attachment":[{"href":"https:\/\/www.collinder.se\/wp-json\/wp\/v2\/media?parent=1063"}],"wp:term":[{"taxonomy":"product_brand","embeddable":true,"href":"https:\/\/www.collinder.se\/wp-json\/wp\/v2\/product_brand?post=1063"},{"taxonomy":"product_cat","embeddable":true,"href":"https:\/\/www.collinder.se\/wp-json\/wp\/v2\/product_cat?post=1063"},{"taxonomy":"product_tag","embeddable":true,"href":"https:\/\/www.collinder.se\/wp-json\/wp\/v2\/product_tag?post=1063"}],"curies":[{"name":"wp","href":"https:\/\/api.w.org\/{rel}","templated":true}]}}