{"id":1090,"date":"2024-05-21T02:01:59","date_gmt":"2024-05-21T00:01:59","guid":{"rendered":"https:\/\/www.collinder.se\/?post_type=product&#038;p=1090"},"modified":"2026-04-29T14:41:25","modified_gmt":"2026-04-29T12:41:25","slug":"330-user-id-card","status":"publish","type":"product","link":"https:\/\/www.collinder.se\/en\/produkt\/330-anvand-id-kort-afs\/","title":{"rendered":"330 Anv\u00e4nd ID-kort (AFS)"},"content":{"rendered":"","protected":false},"excerpt":{"rendered":"Symbol 330 Med\/Utan standardtext. Plast- och aluminiumskylt har tjocklek 1 mm och levereras med 4 st h\u00e5l. F\u00f6r andra storlekar och laminat \u00e4n angivna\/valbara, kontakta oss!","protected":false},"featured_media":22637,"template":"","meta":{"_acf_changed":false},"product_brand":[1430],"product_cat":[1742,136,1720,1730],"product_tag":[],"class_list":{"0":"post-1090","1":"product","2":"type-product","3":"status-publish","4":"has-post-thumbnail","6":"product_brand-collinder","7":"product_cat-informationsskyltar","8":"product_cat-pabuds-iso-och-afs","9":"product_cat-pabudsdekaler-iso-afs","10":"product_cat-pabudsskyltar-iso-afs","12":"first","13":"onbackorder","14":"taxable","15":"shipping-taxable","16":"purchasable","17":"product-type-variable","18":"add-to-wishlist-before_image"},"acf":[],"_links":{"self":[{"href":"https:\/\/www.collinder.se\/wp-json\/wp\/v2\/product\/1090","targetHints":{"allow":["GET"]}}],"collection":[{"href":"https:\/\/www.collinder.se\/wp-json\/wp\/v2\/product"}],"about":[{"href":"https:\/\/www.collinder.se\/wp-json\/wp\/v2\/types\/product"}],"wp:featuredmedia":[{"embeddable":true,"href":"https:\/\/www.collinder.se\/wp-json\/wp\/v2\/media\/22637"}],"wp:attachment":[{"href":"https:\/\/www.collinder.se\/wp-json\/wp\/v2\/media?parent=1090"}],"wp:term":[{"taxonomy":"product_brand","embeddable":true,"href":"https:\/\/www.collinder.se\/wp-json\/wp\/v2\/product_brand?post=1090"},{"taxonomy":"product_cat","embeddable":true,"href":"https:\/\/www.collinder.se\/wp-json\/wp\/v2\/product_cat?post=1090"},{"taxonomy":"product_tag","embeddable":true,"href":"https:\/\/www.collinder.se\/wp-json\/wp\/v2\/product_tag?post=1090"}],"curies":[{"name":"wp","href":"https:\/\/api.w.org\/{rel}","templated":true}]}}