{"id":1155,"date":"2024-05-21T02:02:25","date_gmt":"2024-05-21T00:02:25","guid":{"rendered":"https:\/\/www.collinder.se\/produkt\/axes-gate-fallskyddsgrind\/"},"modified":"2026-04-10T15:00:27","modified_gmt":"2026-04-10T13:00:27","slug":"axes-gate-fall-protection-gate","status":"publish","type":"product","link":"https:\/\/www.collinder.se\/en\/product\/axes-gate-fall-protection-gate\/","title":{"rendered":"Axes Gate fall protection gate"},"content":{"rendered":"<div class=\"flex flex-grow flex-col max-w-full\">\n<div class=\"min-h-[20px] text-message flex flex-col items-start whitespace-pre-wrap break-words [.text-message+&amp;]:mt-5 juice:w-full juice:items-end overflow-x-auto gap-2\" dir=\"auto\" data-message-author-role=\"assistant\" data-message-id=\"88adf288-b9d6-4ac5-8b3b-fbf2b5623876\">\n<div class=\"flex w-full flex-col gap-1 juice:empty:hidden juice:first:pt-[3px]\">\n<div class=\"markdown prose w-full break-words dark:prose-invert light\">\n<div class=\"flex-shrink-0 flex flex-col relative items-end\">\n<div>\n<div class=\"pt-0.5 juice:pt-0\">\n<div class=\"gizmo-bot-avatar flex h-6 w-6 items-center justify-center overflow-hidden rounded-full juice:h-8 juice:w-8\">\n<h2 class=\"relative p-1 rounded-sm flex items-center justify-center bg-token-main-surface-primary text-token-text-primary h-8 w-8\">Axes Gate &#8211; Smidig installation och maximalt skydd<\/h2>\n<\/div>\n<\/div>\n<\/div>\n<\/div>\n<p>Axes Gate \u00e4r en s\u00e4kerhetsgrind som kombinerar enkel installation, dubbelriktad funktionalitet och anpassningsbarhet, vilket g\u00f6r den till ett utm\u00e4rkt val f\u00f6r m\u00e5nga olika anv\u00e4ndningsomr\u00e5den.<\/p>\n<p>Axes Gate Dubbel \u00e4r en fallskyddsgrind tillverkad av genomf\u00e4rgad gul polyesterplast. Den finns i tv\u00e5 standardl\u00e4ngder: 940 mm och 1200 mm.<\/p>\n<\/div>\n<\/div>\n<\/div>\n<\/div>\n<p>Grindarna kan enkelt anpassas till \u00f6nskad l\u00e4ngd genom att kapa dem med en cirkels\u00e5g.<br \/>\nEn av de praktiska egenskaperna med Axes Gate \u00e4r att samma grind kan monteras b\u00e5de v\u00e4nster- och h\u00f6gerh\u00e4ngt, vilket ger flexibilitet vid installationen.<\/p>\n<p>Denna nya generation av Axes Gate har en effektiv och p\u00e5litlig grindmekanism med en sned del i f\u00e4stet, som utnyttjar gravitationen f\u00f6r att s\u00e4kert st\u00e4nga grinden automatiskt. Detta g\u00f6r s\u00e4kerhetsgrinden perfekt f\u00f6r att s\u00e4kra omr\u00e5den. Den \u00e4r \u00e4ven enkel att installera och underh\u00e5lla.<\/p>\n<p>OBS! Videon visar en \u00e4ldre version av grinden med den gamla st\u00e4ngningsfunktionen.<\/p>\n<p>&nbsp;<\/p>\n<h2 class=\"smaller\">Till\u00e4mpningar f\u00f6r Axes Gate:<\/h2>\n<ul>\n<li>Stegar med fallskydd, Brandtrappor<\/li>\n<li>Arbetsplattformar<\/li>\n<li>Silos<\/li>\n<li>Borrplattformar och petrokemisk industri<\/li>\n<li>Ing\u00e5ngs\u00f6ppningar till maskiner<\/li>\n<li>Integrering i befintliga s\u00e4kerhetsr\u00e4cken typ Flex Impact<\/li>\n<\/ul>\n<h2 class=\"smaller\">F\u00f6rdelar med Axes Gate:<\/h2>\n<ul>\n<li>V\u00e4l synlig, s\u00e4ker och kostnadseffektiv<\/li>\n<li>St\u00e4ngs automatiskt med gravitation<\/li>\n<li>Helgjuten i gul genomf\u00e4rgad polyuretan (PU) plast, utan skarpa kanter<\/li>\n<li>Extremt l\u00e5ng livstid; kan inte rosta<\/li>\n<li>UV-och kemikalieresistent, antistatisk och brands\u00e4ker<\/li>\n<li>Samma grind kan monteras b\u00e5de h\u00f6ger och v\u00e4nsterh\u00e4ngd<\/li>\n<li>Enkel montering mot v\u00e4gg, rundj\u00e4rn, fyrkantsr\u00f6r eller vinkelj\u00e4rn<\/li>\n<li>Tv\u00e5 typer (enkel och dubbel) x tv\u00e5 l\u00e4ngder 940\/1200 mm<\/li>\n<li>S\u00e5gas enkelt till \u00f6nskad l\u00e4ngd min 550 &#8211; max 1200 mm<\/li>\n<\/ul>\n","protected":false},"excerpt":{"rendered":"Axes Gate fall protection gate made of coloured yellow polyester plastic. Two lengths 940 and 1200 mm. Easily cut to the desired length with a circular saw. The same gate can be mounted both left- and right-handed.","protected":false},"featured_media":20020,"template":"","meta":{"_acf_changed":false},"product_brand":[],"product_cat":[121],"product_tag":[],"class_list":{"0":"post-1155","1":"product","2":"type-product","3":"status-publish","4":"has-post-thumbnail","6":"product_cat-fallskyddsgrind","8":"first","9":"instock","10":"taxable","11":"shipping-taxable","12":"purchasable","13":"product-type-variable","14":"add-to-wishlist-before_image"},"acf":[],"_links":{"self":[{"href":"https:\/\/www.collinder.se\/en\/wp-json\/wp\/v2\/product\/1155","targetHints":{"allow":["GET"]}}],"collection":[{"href":"https:\/\/www.collinder.se\/en\/wp-json\/wp\/v2\/product"}],"about":[{"href":"https:\/\/www.collinder.se\/en\/wp-json\/wp\/v2\/types\/product"}],"wp:featuredmedia":[{"embeddable":true,"href":"https:\/\/www.collinder.se\/en\/wp-json\/wp\/v2\/media\/20020"}],"wp:attachment":[{"href":"https:\/\/www.collinder.se\/en\/wp-json\/wp\/v2\/media?parent=1155"}],"wp:term":[{"taxonomy":"product_brand","embeddable":true,"href":"https:\/\/www.collinder.se\/en\/wp-json\/wp\/v2\/product_brand?post=1155"},{"taxonomy":"product_cat","embeddable":true,"href":"https:\/\/www.collinder.se\/en\/wp-json\/wp\/v2\/product_cat?post=1155"},{"taxonomy":"product_tag","embeddable":true,"href":"https:\/\/www.collinder.se\/en\/wp-json\/wp\/v2\/product_tag?post=1155"}],"curies":[{"name":"wp","href":"https:\/\/api.w.org\/{rel}","templated":true}]}}