{"id":1197,"date":"2024-05-21T02:02:39","date_gmt":"2024-05-21T00:02:39","guid":{"rendered":"https:\/\/www.collinder.se\/produkt\/dekalhallare-for-rormarkningsdetaljer\/"},"modified":"2026-04-09T15:00:21","modified_gmt":"2026-04-09T13:00:21","slug":"decal-holder-for-rudder-marking-details","status":"publish","type":"product","link":"https:\/\/www.collinder.se\/en\/product\/decal-holder-for-rudder-marking-details\/","title":{"rendered":"Decal holder for pipe labelling details"},"content":{"rendered":"<div class=\"relative basis-auto flex-col -mb-(--composer-overlap-px) [--composer-overlap-px:28px] grow flex\">\n<div class=\"flex flex-col text-sm pb-25\">\n<article class=\"text-token-text-primary w-full focus:outline-none [--shadow-height:45px] has-data-writing-block:pointer-events-none has-data-writing-block:-mt-(--shadow-height) has-data-writing-block:pt-(--shadow-height) [&amp;:has([data-writing-block])&gt;*]:pointer-events-auto scroll-mt-[calc(var(--header-height)+min(200px,max(70px,20svh)))]\" dir=\"auto\" tabindex=\"-1\" data-turn-id=\"request-69b3d53c-2d1c-8325-9141-18723376584c-0\" data-testid=\"conversation-turn-60\" data-scroll-anchor=\"true\" data-turn=\"assistant\">\n<div class=\"text-base my-auto mx-auto pb-10 [--thread-content-margin:var(--thread-content-margin-xs,calc(var(--spacing)*4))] @w-sm\/main:[--thread-content-margin:var(--thread-content-margin-sm,calc(var(--spacing)*6))] @w-lg\/main:[--thread-content-margin:var(--thread-content-margin-lg,calc(var(--spacing)*16))] px-(--thread-content-margin)\">\n<div class=\"[--thread-content-max-width:40rem] @w-lg\/main:[--thread-content-max-width:48rem] mx-auto max-w-(--thread-content-max-width) flex-1 group\/turn-messages focus-visible:outline-hidden relative flex w-full min-w-0 flex-col agent-turn\" tabindex=\"-1\">\n<div class=\"flex max-w-full flex-col gap-4 grow\">\n<div class=\"min-h-8 text-message relative flex w-full flex-col items-end gap-2 text-start break-words whitespace-normal [.text-message+&amp;]:mt-1\" dir=\"auto\" data-message-author-role=\"assistant\" data-message-id=\"dc2cd279-1677-4ffb-8dd6-773a4cd4840c\" data-message-model-slug=\"gpt-5-3\">\n<div class=\"flex w-full flex-col gap-1 empty:hidden\">\n<div class=\"markdown prose dark:prose-invert w-full wrap-break-word light markdown-new-styling\">\n<h2 class=\"smaller\" data-start=\"212\" data-end=\"268\"><span class=\"blue-txt\"><strong data-start=\"212\" data-end=\"268\">Dekalh\u00e5llare\u00a0<\/strong><strong data-start=\"212\" data-end=\"268\">i syrafast st\u00e5l f\u00f6r r\u00f6rm\u00e4rkningsdekaler<\/strong><\/span><\/h2>\n<p data-start=\"212\" data-end=\"268\">Dekalh\u00e5llare f\u00f6r montering av r\u00f6rm\u00e4rkningsdekaler p\u00e5 r\u00f6r. Tillverkad i syrafast st\u00e5l med materialtjocklek 1 mm.<br \/>\nH\u00e5llaren monteras med buntband genom h\u00e5len eller med f\u00e4stkuber f\u00f6r att skapa distans mellan h\u00e5llare och r\u00f6r. F\u00e4stkuber ing\u00e5r ej.<br \/>\nVid m\u00e4rkning p\u00e5 varma r\u00f6r rekommenderas r\u00f6rm\u00e4rkningsdekaler i polyester (upp till 150 \u00b0C).<\/p>\n<ul>\n<li data-start=\"605\" data-end=\"993\"><strong data-start=\"605\" data-end=\"625\">F\u00f6r r\u00f6rm\u00e4rkning:<\/strong> Anv\u00e4nds f\u00f6r montering av r\u00f6rm\u00e4rkningsdekaler.<\/li>\n<li data-start=\"605\" data-end=\"993\"><strong data-start=\"674\" data-end=\"692\">Syrafast st\u00e5l:<\/strong> Tillverkad i korrosionsbest\u00e4ndigt material med tjocklek 1 mm.<\/li>\n<li data-start=\"605\" data-end=\"993\"><strong data-start=\"757\" data-end=\"788\">Flera monteringsalternativ:<\/strong> H\u00e5l f\u00f6r b\u00e5de buntband och f\u00e4stkuber.<\/li>\n<li data-start=\"605\" data-end=\"993\"><strong data-start=\"828\" data-end=\"849\">Distansm\u00f6jlighet:<\/strong> Kan monteras med f\u00e4stkuber f\u00f6r avst\u00e5nd till r\u00f6ret.<\/li>\n<li data-start=\"605\" data-end=\"993\"><strong data-start=\"903\" data-end=\"928\">Temperaturanpassning:<\/strong> Rekommenderas polyesterdekaler vid temperaturer upp till 150 \u00b0C.<\/li>\n<\/ul>\n<\/div>\n<\/div>\n<\/div>\n<\/div>\n<\/div>\n<\/div>\n<\/article>\n<\/div>\n<\/div>\n","protected":false},"excerpt":{"rendered":"Smart decal holder in acid-proof steel for our pipe labelling decals. Supplied with holes for cable ties and fixing cubes. Available in different sizes for fitting.\r\n<ul>\r\n \t<li><strong>Thickness:<\/strong> 1 millimetre<\/li>\r\n<\/ul>","protected":false},"featured_media":28301,"template":"","meta":{"_acf_changed":false},"product_brand":[1430],"product_cat":[162],"product_tag":[],"class_list":{"0":"post-1197","1":"product","2":"type-product","3":"status-publish","4":"has-post-thumbnail","6":"product_brand-collinder","7":"product_cat-skylthallare","9":"first","10":"instock","11":"taxable","12":"shipping-taxable","13":"purchasable","14":"product-type-variable","15":"add-to-wishlist-before_image"},"acf":[],"_links":{"self":[{"href":"https:\/\/www.collinder.se\/en\/wp-json\/wp\/v2\/product\/1197","targetHints":{"allow":["GET"]}}],"collection":[{"href":"https:\/\/www.collinder.se\/en\/wp-json\/wp\/v2\/product"}],"about":[{"href":"https:\/\/www.collinder.se\/en\/wp-json\/wp\/v2\/types\/product"}],"wp:featuredmedia":[{"embeddable":true,"href":"https:\/\/www.collinder.se\/en\/wp-json\/wp\/v2\/media\/28301"}],"wp:attachment":[{"href":"https:\/\/www.collinder.se\/en\/wp-json\/wp\/v2\/media?parent=1197"}],"wp:term":[{"taxonomy":"product_brand","embeddable":true,"href":"https:\/\/www.collinder.se\/en\/wp-json\/wp\/v2\/product_brand?post=1197"},{"taxonomy":"product_cat","embeddable":true,"href":"https:\/\/www.collinder.se\/en\/wp-json\/wp\/v2\/product_cat?post=1197"},{"taxonomy":"product_tag","embeddable":true,"href":"https:\/\/www.collinder.se\/en\/wp-json\/wp\/v2\/product_tag?post=1197"}],"curies":[{"name":"wp","href":"https:\/\/api.w.org\/{rel}","templated":true}]}}