{"id":1209,"date":"2024-05-21T02:02:43","date_gmt":"2024-05-21T00:02:43","guid":{"rendered":"https:\/\/www.collinder.se\/?post_type=product&#038;p=1209"},"modified":"2026-04-29T14:42:41","modified_gmt":"2026-04-29T12:42:41","slug":"e008-crush-for-access-iso","status":"publish","type":"product","link":"https:\/\/www.collinder.se\/en\/produkt\/e008-krossa-for-atkomst-iso\/","title":{"rendered":"E008 Krossa f\u00f6r \u00e5tkomst (ISO)"},"content":{"rendered":"","protected":false},"excerpt":{"rendered":"Symbol enligt ISO 7010 E008 Med\/Utan text. Plast- och aluminiumskylt har tjocklek 1 mm och levereras med 4 st h\u00e5l. F\u00f6r andra storlekar och laminat \u00e4n angivna\/valbara, kontakta oss!","protected":false},"featured_media":22666,"template":"","meta":{"_acf_changed":false},"product_brand":[1430],"product_cat":[1742,138,1722,1732],"product_tag":[],"class_list":{"0":"post-1209","1":"product","2":"type-product","3":"status-publish","4":"has-post-thumbnail","6":"product_brand-collinder","7":"product_cat-informationsskyltar","8":"product_cat-nod-iso-och-afs","9":"product_cat-noddekaler-iso-afs","10":"product_cat-nodskyltar-iso-afs","12":"first","13":"onbackorder","14":"taxable","15":"shipping-taxable","16":"purchasable","17":"product-type-variable","18":"add-to-wishlist-before_image"},"acf":[],"_links":{"self":[{"href":"https:\/\/www.collinder.se\/wp-json\/wp\/v2\/product\/1209","targetHints":{"allow":["GET"]}}],"collection":[{"href":"https:\/\/www.collinder.se\/wp-json\/wp\/v2\/product"}],"about":[{"href":"https:\/\/www.collinder.se\/wp-json\/wp\/v2\/types\/product"}],"wp:featuredmedia":[{"embeddable":true,"href":"https:\/\/www.collinder.se\/wp-json\/wp\/v2\/media\/22666"}],"wp:attachment":[{"href":"https:\/\/www.collinder.se\/wp-json\/wp\/v2\/media?parent=1209"}],"wp:term":[{"taxonomy":"product_brand","embeddable":true,"href":"https:\/\/www.collinder.se\/wp-json\/wp\/v2\/product_brand?post=1209"},{"taxonomy":"product_cat","embeddable":true,"href":"https:\/\/www.collinder.se\/wp-json\/wp\/v2\/product_cat?post=1209"},{"taxonomy":"product_tag","embeddable":true,"href":"https:\/\/www.collinder.se\/wp-json\/wp\/v2\/product_tag?post=1209"}],"curies":[{"name":"wp","href":"https:\/\/api.w.org\/{rel}","templated":true}]}}