{"id":1228,"date":"2024-05-21T02:02:46","date_gmt":"2024-05-21T00:02:46","guid":{"rendered":"https:\/\/www.collinder.se\/produkt\/durastripe-supreme-v-hazard-golvlinjetejp\/"},"modified":"2026-03-27T10:44:47","modified_gmt":"2026-03-27T09:44:47","slug":"durastripe-supreme-v-hazard-floor-line-tape","status":"publish","type":"product","link":"https:\/\/www.collinder.se\/en\/produkt\/durastripe-supreme-v-hazard-golvlinjetejp\/","title":{"rendered":"DuraStripe Supreme V Hazard golvlinjetejp"},"content":{"rendered":"<h2 class=\"smaller\"><span class=\"blue-txt\">Durastripe Supreme V Hazard &#8211; tydliga varningar f\u00f6r riskfyllda omr\u00e5den<\/span><\/h2>\n<p data-start=\"276\" data-end=\"595\">DuraStripe Supreme V Hazard \u00e4r en randig golvmarkering tillverkad i samma slitstarka material som DuraStripe Supreme V, utformad f\u00f6r tydlig varningsm\u00e4rkning av riskfyllda omr\u00e5den. Materialet kombinerar ett kraftfullt h\u00e4ft\u00e4mne med l\u00e5g plastprofil, vilket g\u00f6r markeringen l\u00e4mplig \u00e4ven f\u00f6r \u00e4ldre, slitna eller oj\u00e4mna golv.<br \/>\nDen specialbehandlade, sl\u00e4ta ytan motverkar att smuts fastnar och g\u00f6r markeringen enkel att h\u00e5lla ren. Avfasade kanter minskar risken f\u00f6r mekanisk p\u00e5verkan och bidrar till \u00f6kad s\u00e4kerhet, \u00e4ven i milj\u00f6er med h\u00f6g belastning och intensiv trucktrafik.<br \/>\nFinns i f\u00e4rgkombinationerna: gul\/svart, svart\/vit, r\u00f6d\/vit och gr\u00f6n\/vit.<\/p>\n<ul>\n<li data-start=\"919\" data-end=\"1262\"><strong data-start=\"919\" data-end=\"955\">Perfekt \u00e4ven f\u00f6r s\u00e4mre underlag:<\/strong> F\u00e4ster p\u00e5 \u00e4ldre, slitna och oj\u00e4mna golv.<\/li>\n<li data-start=\"919\" data-end=\"1262\"><strong data-start=\"999\" data-end=\"1032\">Sj\u00e4lvh\u00e4ftande Peel-and-Stick:<\/strong> Enkel och snabb installation utan specialverktyg.<\/li>\n<li data-start=\"919\" data-end=\"1262\"><strong data-start=\"1085\" data-end=\"1120\">I<\/strong><strong data-start=\"1085\" data-end=\"1120\">ngen tork- eller h\u00e4rdningstid:<\/strong> Ingen stillest\u00e5ndstid, lukt eller efterarbete.<\/li>\n<li data-start=\"919\" data-end=\"1262\"><strong data-start=\"1170\" data-end=\"1208\">Avfasade kanter f\u00f6r \u00f6kad s\u00e4kerhet:<\/strong> Minskar risken f\u00f6r skador och slitage p\u00e5 markeringen.<\/li>\n<\/ul>\n<p>&nbsp;<\/p>\n<h3 class=\"smaller\"><span class=\"blue-txt\">Anv\u00e4ndning och kvalitet<\/span><\/h3>\n<p>DuraStripe kan anv\u00e4ndas i torra, v\u00e5ta och\/eller kalla milj\u00f6er vid temperaturer fr\u00e5n -40\u00b0C till +40\u00b0C.<br \/>\nMaterialet \u00e4r PVC-folie med ett akrylbaserat h\u00e4ft\u00e4mne, med en sl\u00e4t yta som \u00e4r l\u00e4tt att reng\u00f6ra.<\/p>\n<h3 class=\"smaller\"><span class=\"blue-txt\">2 \u00e5rs garanti<\/span><\/h3>\n<p>DuraStripe produkter har 2 \u00e5rs garanti. Garantin g\u00e4ller dock inte om DuraStripe lossnar p\u00e5 grund av att golvet inte tv\u00e4ttats eller rengjorts ordentligt eller lossnar eller g\u00e5r s\u00f6nder p\u00e5 grund av att en pall eller liknande dras \u00f6ver golvet.<\/p>\n","protected":false},"excerpt":{"rendered":"En mycket bra l\u00f6sning f\u00f6r varaktiga och tydliga golvmarkeringar i n\u00e4stan vilken milj\u00f6 som helst, och passar perfekt som varningstejp vid riskfyllda omr\u00e5den.\r\n<ul>\r\n \t<li><strong>L\u00e4ngd:<\/strong>\u00a030 m\/rulle<\/li>\r\n \t<li><strong>Tjocklek:<\/strong>\u00a00,91 mm<\/li>\r\n<\/ul>","protected":false},"featured_media":19962,"template":"","meta":{"_acf_changed":false},"product_brand":[1441],"product_cat":[118],"product_tag":[],"class_list":{"0":"post-1228","1":"product","2":"type-product","3":"status-publish","4":"has-post-thumbnail","6":"product_brand-durastripe","7":"product_cat-golvmarkeringstejp","9":"first","10":"onbackorder","11":"taxable","12":"shipping-taxable","13":"purchasable","14":"product-type-variable","15":"add-to-wishlist-before_image"},"acf":[],"_links":{"self":[{"href":"https:\/\/www.collinder.se\/wp-json\/wp\/v2\/product\/1228","targetHints":{"allow":["GET"]}}],"collection":[{"href":"https:\/\/www.collinder.se\/wp-json\/wp\/v2\/product"}],"about":[{"href":"https:\/\/www.collinder.se\/wp-json\/wp\/v2\/types\/product"}],"wp:featuredmedia":[{"embeddable":true,"href":"https:\/\/www.collinder.se\/wp-json\/wp\/v2\/media\/19962"}],"wp:attachment":[{"href":"https:\/\/www.collinder.se\/wp-json\/wp\/v2\/media?parent=1228"}],"wp:term":[{"taxonomy":"product_brand","embeddable":true,"href":"https:\/\/www.collinder.se\/wp-json\/wp\/v2\/product_brand?post=1228"},{"taxonomy":"product_cat","embeddable":true,"href":"https:\/\/www.collinder.se\/wp-json\/wp\/v2\/product_cat?post=1228"},{"taxonomy":"product_tag","embeddable":true,"href":"https:\/\/www.collinder.se\/wp-json\/wp\/v2\/product_tag?post=1228"}],"curies":[{"name":"wp","href":"https:\/\/api.w.org\/{rel}","templated":true}]}}