{"id":1250,"date":"2024-05-21T02:03:00","date_gmt":"2024-05-21T00:03:00","guid":{"rendered":"https:\/\/www.collinder.se\/produkt\/etikett-pp-tungt-innehall\/"},"modified":"2026-02-27T14:01:10","modified_gmt":"2026-02-27T13:01:10","slug":"label-pp-heavy-content","status":"publish","type":"product","link":"https:\/\/www.collinder.se\/en\/produkt\/etikett-pp-tungt-innehall\/","title":{"rendered":"Etikett, PP, &#8221;Tungt inneh\u00e5ll&#8221;"},"content":{"rendered":"<h2 class=\"smaller\">M\u00e4rkning f\u00f6r en tryggare arbetsmilj\u00f6<\/h2>\n<p>Huvudsyftet med denna m\u00e4rkning \u00e4r att effektivt minska risken f\u00f6r arbets- och f\u00f6rslitningsskador bland dem som ansvarar f\u00f6r hanteringen av tunga kollin. Genom att markera tyngre f\u00f6rs\u00e4ndelser p\u00e5 detta s\u00e4tt kommer de att behandlas med s\u00e4rskilda hj\u00e4lpmedel och f\u00f6rsiktighets\u00e5tg\u00e4rder f\u00f6r att minimera risken f\u00f6r skador och skapa en s\u00e4krare arbetsmilj\u00f6.<\/p>\n","protected":false},"excerpt":{"rendered":"Etikett i PP material med symbol som varnar f\u00f6r tungt inneh\u00e5ll och som ska anv\u00e4ndas p\u00e5 kollin som v\u00e4ger \u00f6ver 20 kg och max 35 kg. 500 st\/rulle, 1 st etikett i bredd. Till\u00e4ggstj\u00e4nst: Postnord","protected":false},"featured_media":15760,"template":"","meta":{"_acf_changed":false},"product_brand":[1430],"product_cat":[525],"product_tag":[],"class_list":{"0":"post-1250","1":"product","2":"type-product","3":"status-publish","4":"has-post-thumbnail","6":"product_brand-collinder","7":"product_cat-ovriga-etiketter","9":"first","10":"instock","11":"taxable","12":"shipping-taxable","13":"purchasable","14":"product-type-variable","15":"add-to-wishlist-before_image"},"acf":[],"_links":{"self":[{"href":"https:\/\/www.collinder.se\/wp-json\/wp\/v2\/product\/1250","targetHints":{"allow":["GET"]}}],"collection":[{"href":"https:\/\/www.collinder.se\/wp-json\/wp\/v2\/product"}],"about":[{"href":"https:\/\/www.collinder.se\/wp-json\/wp\/v2\/types\/product"}],"wp:featuredmedia":[{"embeddable":true,"href":"https:\/\/www.collinder.se\/wp-json\/wp\/v2\/media\/15760"}],"wp:attachment":[{"href":"https:\/\/www.collinder.se\/wp-json\/wp\/v2\/media?parent=1250"}],"wp:term":[{"taxonomy":"product_brand","embeddable":true,"href":"https:\/\/www.collinder.se\/wp-json\/wp\/v2\/product_brand?post=1250"},{"taxonomy":"product_cat","embeddable":true,"href":"https:\/\/www.collinder.se\/wp-json\/wp\/v2\/product_cat?post=1250"},{"taxonomy":"product_tag","embeddable":true,"href":"https:\/\/www.collinder.se\/wp-json\/wp\/v2\/product_tag?post=1250"}],"curies":[{"name":"wp","href":"https:\/\/api.w.org\/{rel}","templated":true}]}}