{"id":1272,"date":"2024-05-21T02:03:09","date_gmt":"2024-05-21T00:03:09","guid":{"rendered":"https:\/\/www.collinder.se\/produkt\/flo-code-piltejp\/"},"modified":"2026-04-27T10:29:32","modified_gmt":"2026-04-27T08:29:32","slug":"flo-code-piltejp","status":"publish","type":"product","link":"https:\/\/www.collinder.se\/en\/produkt\/flo-code-piltejp\/","title":{"rendered":"Piltejp"},"content":{"rendered":"<h2 class=\"smaller\"><span class=\"blue-txt\">S\u00e4ker riktningsanvisning med f\u00e4rgkodad piltejp<\/span><\/h2>\n<p>Piltejp \u00e4r en sj\u00e4lvh\u00e4ftande tejp som anv\u00e4nds f\u00f6r att markera riktning eller flyttriktning p\u00e5 en yta. Det kan anv\u00e4ndas f\u00f6r att leda personer till en utg\u00e5ng eller en annan viktig plats eller f\u00f6r att indikera r\u00f6relseriktning f\u00f6r maskiner eller fordon p\u00e5 en arbetsplats.<br \/>\nPiltejp finns i olika f\u00e4rger och bredder, och vissa sorter kan ocks\u00e5 ha text eller andra symboler tryckta p\u00e5 dem.<\/p>\n<ul>\n<li data-start=\"260\" data-end=\"326\"><strong data-start=\"260\" data-end=\"279\">\u00d6kar s\u00e4kerheten:<\/strong> Genom tydlig och f\u00e4rgkodad riktningsm\u00e4rkning.<\/li>\n<li data-start=\"329\" data-end=\"392\"><strong data-start=\"329\" data-end=\"350\">Enkel applicering:<\/strong> Sj\u00e4lvh\u00e4ftande och snabb att s\u00e4tta upp.<\/li>\n<li data-start=\"395\" data-end=\"465\"><strong data-start=\"395\" data-end=\"420\">H\u00e5llbar och slitstark:<\/strong> Utformad f\u00f6r att motst\u00e5 dagligt slitage i tuffa milj\u00f6er.<\/li>\n<li data-start=\"468\" data-end=\"540\"><strong data-start=\"468\" data-end=\"495\">Flexibla valm\u00f6jligheter:<\/strong> I f\u00e4rger, bredder och med tryckta symboler.<\/li>\n<\/ul>\n<p>&nbsp;<\/p>\n<h2><\/h2>\n<h2 class=\"smaller\"><span class=\"blue-txt\">Flexibel m\u00e4rkning<\/span><\/h2>\n<p>Med piltejp blir er r\u00f6rm\u00e4rkning b\u00e5de tydlig och flexibel. Pilen markerar fl\u00f6desriktningen runt r\u00f6ret och kan kompletteras med texttejp som anv\u00e4nds f\u00f6r att kommunicera r\u00f6rets inneh\u00e5ll eller funktion. Tejperna kan anv\u00e4ndas var f\u00f6r sig eller kombineras f\u00f6r en mer komplett m\u00e4rkning.<\/p>\n<p>&nbsp;<\/p>\n<h2 class=\"smaller\"><span class=\"blue-txt\">Piltejp f\u00f6r alla milj\u00f6er<\/span><\/h2>\n<p>Piltejper levereras i tv\u00e5 olika kvaliteter, en f\u00f6r standardbruk och en som \u00e4r anpassad f\u00f6r mer extrema milj\u00f6er. Det inneb\u00e4r att ni f\u00e5r en h\u00e5llbar m\u00e4rkningsl\u00f6sning oavsett vilken milj\u00f6 som era r\u00f6r befinner sig i.<\/p>\n","protected":false},"excerpt":{"rendered":"<p data-start=\"85\" data-end=\"166\"><span style=\"font-weight: 400;\">H\u00e4r hittar ni sj\u00e4lvh\u00e4ftande tejp som tydligt markerar riktningen f\u00f6r inneh\u00e5llet i r\u00f6ret. Piltejper finns i flera f\u00e4rger och storlekar, samt f\u00f6r b\u00e5de inomhus- och utomhusbruk.<\/span><\/p>\r\n\r\n<ul>\r\n \t<li><strong>L\u00e4ngd: <\/strong>10 m<\/li>\r\n<\/ul>","protected":false},"featured_media":20945,"template":"","meta":{"_acf_changed":false},"product_brand":[1430],"product_cat":[741],"product_tag":[],"class_list":{"0":"post-1272","1":"product","2":"type-product","3":"status-publish","4":"has-post-thumbnail","6":"product_brand-collinder","7":"product_cat-flo-code","9":"first","10":"instock","11":"taxable","12":"shipping-taxable","13":"purchasable","14":"product-type-variable","15":"add-to-wishlist-before_image"},"acf":[],"_links":{"self":[{"href":"https:\/\/www.collinder.se\/wp-json\/wp\/v2\/product\/1272","targetHints":{"allow":["GET"]}}],"collection":[{"href":"https:\/\/www.collinder.se\/wp-json\/wp\/v2\/product"}],"about":[{"href":"https:\/\/www.collinder.se\/wp-json\/wp\/v2\/types\/product"}],"wp:featuredmedia":[{"embeddable":true,"href":"https:\/\/www.collinder.se\/wp-json\/wp\/v2\/media\/20945"}],"wp:attachment":[{"href":"https:\/\/www.collinder.se\/wp-json\/wp\/v2\/media?parent=1272"}],"wp:term":[{"taxonomy":"product_brand","embeddable":true,"href":"https:\/\/www.collinder.se\/wp-json\/wp\/v2\/product_brand?post=1272"},{"taxonomy":"product_cat","embeddable":true,"href":"https:\/\/www.collinder.se\/wp-json\/wp\/v2\/product_cat?post=1272"},{"taxonomy":"product_tag","embeddable":true,"href":"https:\/\/www.collinder.se\/wp-json\/wp\/v2\/product_tag?post=1272"}],"curies":[{"name":"wp","href":"https:\/\/api.w.org\/{rel}","templated":true}]}}