{"id":1287,"date":"2024-05-21T02:03:14","date_gmt":"2024-05-21T00:03:14","guid":{"rendered":"https:\/\/www.collinder.se\/produkt\/fastkub\/"},"modified":"2026-03-18T00:00:13","modified_gmt":"2026-03-17T23:00:13","slug":"fixed-cube","status":"publish","type":"product","link":"https:\/\/www.collinder.se\/en\/product\/fixed-cube\/","title":{"rendered":"Fixing cube"},"content":{"rendered":"<h2 class=\"smaller\" data-start=\"198\" data-end=\"240\"><span class=\"blue-txt\">Attachment cube for sign mounting and spacer<\/span><\/h2>\n<p data-start=\"242\" data-end=\"443\">Fastening cube used when mounting signs, mainly when the sign is larger or when a distance between the sign and the surface is needed. Mounted through the hole in the cube together with a screw or other fastening.<br \/>\nThe fixing cube has dimensions of 15 mm \u00d7 15 mm \u00d7 1 mm and a hole with a diameter of \u00d83.2 mm. Available in aluminium and stainless steel.<\/p>\n<ul>\n<li data-start=\"554\" data-end=\"835\"><strong data-start=\"554\" data-end=\"577\">For sign mounting:<\/strong> Used in the assembly of signs.<\/li>\n<li data-start=\"554\" data-end=\"835\"><strong data-start=\"643\" data-end=\"663\">Distance function:<\/strong> Can be used as a spacer between sign and surface.<\/li>\n<li data-start=\"554\" data-end=\"835\"><strong data-start=\"718\" data-end=\"740\" data-is-only-node=\"\">Compact size:<\/strong> Dimensions 15 \u00d7 15 \u00d7 1 mm with hole \u00d83,2 mm.<\/li>\n<li data-start=\"554\" data-end=\"835\"><strong data-start=\"780\" data-end=\"797\">Two materials:<\/strong> Available in aluminium and stainless steel.<\/li>\n<\/ul>","protected":false},"excerpt":{"rendered":"Fixing cube for mounting signs, especially for larger signs or when spacers are needed. Available in aluminium and stainless steel.\r\n<ul>\r\n \t<li><strong>Size:<\/strong> 15 mm \u00d7 15 mm \u00d7 1 mm with one hole \u00d83,2 mm<\/li>\r\n<\/ul>","protected":false},"featured_media":21019,"template":"","meta":{"_acf_changed":false},"product_brand":[],"product_cat":[161],"product_tag":[],"class_list":{"0":"post-1287","1":"product","2":"type-product","3":"status-publish","4":"has-post-thumbnail","6":"product_cat-skyltfasten","8":"first","9":"instock","10":"taxable","11":"shipping-taxable","12":"purchasable","13":"product-type-variable","14":"add-to-wishlist-before_image"},"acf":[],"_links":{"self":[{"href":"https:\/\/www.collinder.se\/en\/wp-json\/wp\/v2\/product\/1287","targetHints":{"allow":["GET"]}}],"collection":[{"href":"https:\/\/www.collinder.se\/en\/wp-json\/wp\/v2\/product"}],"about":[{"href":"https:\/\/www.collinder.se\/en\/wp-json\/wp\/v2\/types\/product"}],"wp:featuredmedia":[{"embeddable":true,"href":"https:\/\/www.collinder.se\/en\/wp-json\/wp\/v2\/media\/21019"}],"wp:attachment":[{"href":"https:\/\/www.collinder.se\/en\/wp-json\/wp\/v2\/media?parent=1287"}],"wp:term":[{"taxonomy":"product_brand","embeddable":true,"href":"https:\/\/www.collinder.se\/en\/wp-json\/wp\/v2\/product_brand?post=1287"},{"taxonomy":"product_cat","embeddable":true,"href":"https:\/\/www.collinder.se\/en\/wp-json\/wp\/v2\/product_cat?post=1287"},{"taxonomy":"product_tag","embeddable":true,"href":"https:\/\/www.collinder.se\/en\/wp-json\/wp\/v2\/product_tag?post=1287"}],"curies":[{"name":"wp","href":"https:\/\/api.w.org\/{rel}","templated":true}]}}