{"id":1379,"date":"2024-05-21T02:03:43","date_gmt":"2024-05-21T00:03:43","guid":{"rendered":"https:\/\/www.collinder.se\/produkt\/laspase-nylon\/"},"modified":"2026-04-08T09:15:05","modified_gmt":"2026-04-08T07:15:05","slug":"nylon-welding-base","status":"publish","type":"product","link":"https:\/\/www.collinder.se\/en\/produkt\/laspase-nylon\/","title":{"rendered":"L\u00e5sp\u00e5se nylon"},"content":{"rendered":"<h2 class=\"smaller\" data-start=\"259\" data-end=\"460\"><span class=\"blue-txt\">L\u00e5sp\u00e5se nylon f\u00f6r st\u00f6rre kontakter och traverser<\/span><\/h2>\n<p data-start=\"259\" data-end=\"460\">L\u00e5sp\u00e5se i r\u00f6d, slitstark nylon f\u00f6r sp\u00e4rr av kontakter i udda eller st\u00f6rre format samt traverskontroller. P\u00e5sen tr\u00e4s \u00f6ver utrustningen och dras \u00e5t f\u00f6r att f\u00f6rhindra \u00e5tkomst.<br \/>\nFlexibel konstruktion g\u00f6r att den kan anv\u00e4ndas p\u00e5 olika typer av kontakter och styrdon. Klarar upp till 6 h\u00e4ngl\u00e5s eller haspar och \u00e4r f\u00f6rsedd med tryckt varningstext.<\/p>\n<ul>\n<li data-start=\"740\" data-end=\"1020\"><strong data-start=\"740\" data-end=\"779\">F\u00f6r st\u00f6rre och oregelbundna objekt:<\/strong> T\u00e4cker kontakter och styrdon i varierande format.<\/li>\n<li data-start=\"740\" data-end=\"1020\"><strong data-start=\"832\" data-end=\"856\">Flexibel anv\u00e4ndning:<\/strong> Anpassar sig efter form och storlek.<\/li>\n<li data-start=\"740\" data-end=\"1020\"><strong data-start=\"896\" data-end=\"920\">Plats f\u00f6r flera l\u00e5s:<\/strong> Upp till 6 h\u00e4ngl\u00e5s eller haspar.<\/li>\n<li data-start=\"740\" data-end=\"1020\"><strong data-start=\"956\" data-end=\"980\">Slitstarkt material:<\/strong> Rip-stop nylon f\u00f6r daglig anv\u00e4ndning.<\/li>\n<\/ul>\n","protected":false},"excerpt":{"rendered":"L\u00e5sp\u00e5se i slitstark nylon f\u00f6r sp\u00e4rr av kontakter i udda eller st\u00f6rre format samt traverskontroller.\r\nFinns i tv\u00e5 storlekar:\r\n<ul>\r\n \t<li><strong>453L:<\/strong> \u00d8178 mm x 432 mm<\/li>\r\n \t<li><strong>453XL:<\/strong> \u00d8254 mm x 660 mm<\/li>\r\n<\/ul>","protected":false},"featured_media":19322,"template":"","meta":{"_acf_changed":false},"product_brand":[1434],"product_cat":[172],"product_tag":[],"class_list":{"0":"post-1379","1":"product","2":"type-product","3":"status-publish","4":"has-post-thumbnail","6":"product_brand-masterlock","7":"product_cat-las-for-el","9":"first","10":"instock","11":"taxable","12":"shipping-taxable","13":"purchasable","14":"product-type-variable","15":"add-to-wishlist-before_image"},"acf":[],"_links":{"self":[{"href":"https:\/\/www.collinder.se\/wp-json\/wp\/v2\/product\/1379","targetHints":{"allow":["GET"]}}],"collection":[{"href":"https:\/\/www.collinder.se\/wp-json\/wp\/v2\/product"}],"about":[{"href":"https:\/\/www.collinder.se\/wp-json\/wp\/v2\/types\/product"}],"wp:featuredmedia":[{"embeddable":true,"href":"https:\/\/www.collinder.se\/wp-json\/wp\/v2\/media\/19322"}],"wp:attachment":[{"href":"https:\/\/www.collinder.se\/wp-json\/wp\/v2\/media?parent=1379"}],"wp:term":[{"taxonomy":"product_brand","embeddable":true,"href":"https:\/\/www.collinder.se\/wp-json\/wp\/v2\/product_brand?post=1379"},{"taxonomy":"product_cat","embeddable":true,"href":"https:\/\/www.collinder.se\/wp-json\/wp\/v2\/product_cat?post=1379"},{"taxonomy":"product_tag","embeddable":true,"href":"https:\/\/www.collinder.se\/wp-json\/wp\/v2\/product_tag?post=1379"}],"curies":[{"name":"wp","href":"https:\/\/api.w.org\/{rel}","templated":true}]}}