{"id":1393,"date":"2024-05-21T02:03:56","date_gmt":"2024-05-21T00:03:56","guid":{"rendered":"https:\/\/www.collinder.se\/produkt\/masterlock-stickproppslockout\/"},"modified":"2026-04-08T11:03:42","modified_gmt":"2026-04-08T09:03:42","slug":"masterlock-plug-lockout","status":"publish","type":"product","link":"https:\/\/www.collinder.se\/en\/product\/masterlock-plug-lockout\/","title":{"rendered":"MasterLock\u00ae plug lockout"},"content":{"rendered":"<h2 class=\"smaller\"><span class=\"blue-txt\">Stickproppslockout med roterande l\u00e5sh\u00f6lje<\/span><\/h2>\n<div class=\"flex flex-col text-sm pb-25\">\n<section class=\"text-token-text-primary w-full focus:outline-none [--shadow-height:45px] has-data-writing-block:pointer-events-none has-data-writing-block:-mt-(--shadow-height) has-data-writing-block:pt-(--shadow-height) [&amp;:has([data-writing-block])&gt;*]:pointer-events-auto scroll-mt-[calc(var(--header-height)+min(200px,max(70px,20svh)))]\" dir=\"auto\" data-turn-id=\"request-69d4adca-c418-8327-8831-b7cb331b00ce-21\" data-testid=\"conversation-turn-112\" data-scroll-anchor=\"true\" data-turn=\"assistant\">\n<div class=\"text-base my-auto mx-auto pb-10 [--thread-content-margin:var(--thread-content-margin-xs,calc(var(--spacing)*4))] @w-sm\/main:[--thread-content-margin:var(--thread-content-margin-sm,calc(var(--spacing)*6))] @w-lg\/main:[--thread-content-margin:var(--thread-content-margin-lg,calc(var(--spacing)*16))] px-(--thread-content-margin)\">\n<div class=\"[--thread-content-max-width:40rem] @w-lg\/main:[--thread-content-max-width:48rem] mx-auto max-w-(--thread-content-max-width) flex-1 group\/turn-messages focus-visible:outline-hidden relative flex w-full min-w-0 flex-col agent-turn\">\n<div class=\"flex max-w-full flex-col gap-4 grow\">\n<div class=\"min-h-8 text-message relative flex w-full flex-col items-end gap-2 text-start break-words whitespace-normal outline-none keyboard-focused:focus-ring [.text-message+&amp;]:mt-1\" dir=\"auto\" tabindex=\"0\" data-message-author-role=\"assistant\" data-message-id=\"1b68b1d7-ea3d-4382-8959-7b6365965eb0\" data-message-model-slug=\"gpt-5-3\" data-turn-start-message=\"true\">\n<div class=\"flex w-full flex-col gap-1 empty:hidden\">\n<div class=\"markdown prose dark:prose-invert w-full wrap-break-word light markdown-new-styling\">\n<p data-start=\"113\" data-end=\"532\">Stickproppslockout med roterande l\u00e5sh\u00f6lje som omsluter elkontakten helt och f\u00f6rhindrar oavsiktlig inkoppling. Den patentskyddade roterande konstruktionen g\u00f6r den smidig att anv\u00e4nda \u00e4ven i tr\u00e5nga utrymmen. B\u00e5da storlekarna kan vridas ihop i varandra f\u00f6r att ta mindre plats vid f\u00f6rvaring.<br data-start=\"400\" data-end=\"403\" \/>Tillverkad i Xenoy-plast som \u00e4r t\u00e5lig mot kemikalier och klarar temperaturer fr\u00e5n -46\u00b0 till +177\u00b0C.<br data-start=\"502\" data-end=\"505\" \/>F\u00f6r kablar upp till \u00d819 mm.<\/p>\n<ul>\n<li data-start=\"534\" data-end=\"798\"><strong data-start=\"534\" data-end=\"557\">Omsluter kontakten:<\/strong> F\u00f6rhindrar oavsiktlig inkoppling.<\/li>\n<li data-start=\"534\" data-end=\"798\"><strong data-start=\"594\" data-end=\"621\">Roterande konstruktion:<\/strong> Fungerar \u00e4ven i tr\u00e5nga utrymmen.<\/li>\n<li data-start=\"534\" data-end=\"798\"><strong data-start=\"657\" data-end=\"679\">Kompakt f\u00f6rvaring:<\/strong> Kan vridas ihop f\u00f6r att spara plats.<\/li>\n<li data-start=\"534\" data-end=\"798\"><strong data-start=\"719\" data-end=\"743\">Slitstarkt material:<\/strong> T\u00e5l kemikalier och temperaturer fr\u00e5n -46\u00b0 till +177\u00b0C.<\/li>\n<\/ul>\n<\/div>\n<\/div>\n<\/div>\n<\/div>\n<div class=\"z-0 flex min-h-[46px] justify-start\"><\/div>\n<div class=\"mt-3 w-full empty:hidden\">\n<div class=\"text-center\"><\/div>\n<\/div>\n<\/div>\n<\/div>\n<\/section>\n<\/div>\n<div class=\"pointer-events-none h-px w-px absolute bottom-0\" aria-hidden=\"true\" data-edge=\"true\"><\/div>\n","protected":false},"excerpt":{"rendered":"Xenoy plastic plug lockout that encloses the electrical plug and prevents accidental connection. For cables up to \u00d819 mm. Available in two sizes:\r\n<ul>\r\n \t<li><strong>487:<\/strong> For connectors up to \u00d857 mm x 82 mm<\/li>\r\n \t<li><strong>488:<\/strong> For connectors up to \u00d876 mm x 152 mm<\/li>\r\n<\/ul>","protected":false},"featured_media":19148,"template":"","meta":{"_acf_changed":false},"product_brand":[1434],"product_cat":[172],"product_tag":[],"class_list":{"0":"post-1393","1":"product","2":"type-product","3":"status-publish","4":"has-post-thumbnail","6":"product_brand-masterlock","7":"product_cat-las-for-el","9":"first","10":"instock","11":"taxable","12":"shipping-taxable","13":"purchasable","14":"product-type-variable","15":"add-to-wishlist-before_image"},"acf":[],"_links":{"self":[{"href":"https:\/\/www.collinder.se\/en\/wp-json\/wp\/v2\/product\/1393","targetHints":{"allow":["GET"]}}],"collection":[{"href":"https:\/\/www.collinder.se\/en\/wp-json\/wp\/v2\/product"}],"about":[{"href":"https:\/\/www.collinder.se\/en\/wp-json\/wp\/v2\/types\/product"}],"wp:featuredmedia":[{"embeddable":true,"href":"https:\/\/www.collinder.se\/en\/wp-json\/wp\/v2\/media\/19148"}],"wp:attachment":[{"href":"https:\/\/www.collinder.se\/en\/wp-json\/wp\/v2\/media?parent=1393"}],"wp:term":[{"taxonomy":"product_brand","embeddable":true,"href":"https:\/\/www.collinder.se\/en\/wp-json\/wp\/v2\/product_brand?post=1393"},{"taxonomy":"product_cat","embeddable":true,"href":"https:\/\/www.collinder.se\/en\/wp-json\/wp\/v2\/product_cat?post=1393"},{"taxonomy":"product_tag","embeddable":true,"href":"https:\/\/www.collinder.se\/en\/wp-json\/wp\/v2\/product_tag?post=1393"}],"curies":[{"name":"wp","href":"https:\/\/api.w.org\/{rel}","templated":true}]}}