{"id":1395,"date":"2024-05-21T02:03:56","date_gmt":"2024-05-21T00:03:56","guid":{"rendered":"https:\/\/www.collinder.se\/produkt\/master-massinghanglas\/"},"modified":"2026-04-22T09:00:16","modified_gmt":"2026-04-22T07:00:16","slug":"master-massing-hanging-glass","status":"publish","type":"product","link":"https:\/\/www.collinder.se\/en\/produkt\/master-massinghanglas\/","title":{"rendered":"MasterLock\u00ae m\u00e4ssingh\u00e4ngl\u00e5s"},"content":{"rendered":"<h2 class=\"smaller\" data-start=\"249\" data-end=\"472\"><span class=\"blue-txt\">H\u00e4ngl\u00e5s i m\u00e4ssing med h\u00e4rdad bygel<\/span><\/h2>\n<p data-start=\"249\" data-end=\"472\">Robust och s\u00e4kert h\u00e4ngl\u00e5s i m\u00e4ssing med bygel i h\u00e4rdat st\u00e5l. Konstruktionen \u00e4r slitstark och motst\u00e5ndskraftig mot korrosion, vilket g\u00f6r l\u00e5set l\u00e4mpligt f\u00f6r b\u00e5de inom- och utomhusbruk.<br \/>\nLevereras med 2 nycklar.<br \/>\nH\u00e4ngl\u00e5set kan \u00e4ven f\u00e5s med egen gravyr. Vi erbjuder gravyr i l\u00e5sen f\u00f6r tydlig m\u00e4rkning och identifiering. Vill du veta mer om hur vi kan anpassa detta efter dina behov \u00e4r du varmt v\u00e4lkommen att <a title=\"kontakta oss.\" href=\"https:\/\/www.collinder.se\/sida\/Kontakt\">kontakta oss.<\/a><\/p>\n<ul>\n<li data-start=\"709\" data-end=\"942\"><strong data-start=\"709\" data-end=\"733\">Massivt m\u00e4ssingshus:<\/strong> Slitstarkt och korrosionsbest\u00e4ndigt material.<\/li>\n<li data-start=\"709\" data-end=\"942\"><strong data-start=\"782\" data-end=\"799\">H\u00e4rdad bygel:<\/strong> \u00d6kad t\u00e5lighet mot slitage och \u00e5verkan.<\/li>\n<li data-start=\"709\" data-end=\"942\"><strong data-start=\"841\" data-end=\"866\">Graverbart utf\u00f6rande:<\/strong> M\u00f6jlighet till egen m\u00e4rkning.<br data-start=\"896\" data-end=\"899\" data-is-only-node=\"\" \/><\/li>\n<\/ul>\n<h3 class=\"smaller\"><\/h3>\n","protected":false},"excerpt":{"rendered":"<p class=\"smaller\">H\u00e4ngl\u00e5s i m\u00e4ssing med bygel i h\u00e4rdat st\u00e5l. Slitstark konstruktion med god motst\u00e5ndskraft mot korrosion. Levereras med 2 nycklar och kan f\u00e5s med gravyr.<\/p>","protected":false},"featured_media":19142,"template":"","meta":{"_acf_changed":false},"product_brand":[1434],"product_cat":[169],"product_tag":[],"class_list":{"0":"post-1395","1":"product","2":"type-product","3":"status-publish","4":"has-post-thumbnail","6":"product_brand-masterlock","7":"product_cat-stold-sakerhetshanglas","9":"first","10":"instock","11":"taxable","12":"shipping-taxable","13":"purchasable","14":"product-type-variable","15":"add-to-wishlist-before_image"},"acf":[],"_links":{"self":[{"href":"https:\/\/www.collinder.se\/wp-json\/wp\/v2\/product\/1395","targetHints":{"allow":["GET"]}}],"collection":[{"href":"https:\/\/www.collinder.se\/wp-json\/wp\/v2\/product"}],"about":[{"href":"https:\/\/www.collinder.se\/wp-json\/wp\/v2\/types\/product"}],"wp:featuredmedia":[{"embeddable":true,"href":"https:\/\/www.collinder.se\/wp-json\/wp\/v2\/media\/19142"}],"wp:attachment":[{"href":"https:\/\/www.collinder.se\/wp-json\/wp\/v2\/media?parent=1395"}],"wp:term":[{"taxonomy":"product_brand","embeddable":true,"href":"https:\/\/www.collinder.se\/wp-json\/wp\/v2\/product_brand?post=1395"},{"taxonomy":"product_cat","embeddable":true,"href":"https:\/\/www.collinder.se\/wp-json\/wp\/v2\/product_cat?post=1395"},{"taxonomy":"product_tag","embeddable":true,"href":"https:\/\/www.collinder.se\/wp-json\/wp\/v2\/product_tag?post=1395"}],"curies":[{"name":"wp","href":"https:\/\/api.w.org\/{rel}","templated":true}]}}