{"id":1418,"date":"2024-05-21T02:04:03","date_gmt":"2024-05-21T00:04:03","guid":{"rendered":"https:\/\/www.collinder.se\/?post_type=product&#038;p=1418"},"modified":"2026-04-29T14:44:11","modified_gmt":"2026-04-29T12:44:11","slug":"p010-video-not-iso","status":"publish","type":"product","link":"https:\/\/www.collinder.se\/en\/produkt\/p010-vidror-ej-iso\/","title":{"rendered":"P010 Vidr\u00f6r ej (ISO)"},"content":{"rendered":"","protected":false},"excerpt":{"rendered":"Symbol enligt ISO 7010 P010 Med\/Utan standardtext. Plast- och aluminiumskylt har tjocklek 1 mm och levereras med 4 st h\u00e5l. F\u00f6r andra storlekar och laminat \u00e4n angivna\/valbara, kontakta oss!","protected":false},"featured_media":22727,"template":"","meta":{"_acf_changed":false},"product_brand":[1430],"product_cat":[134,1718,1728,1742],"product_tag":[],"class_list":{"0":"post-1418","1":"product","2":"type-product","3":"status-publish","4":"has-post-thumbnail","6":"product_brand-collinder","7":"product_cat-forbudsskyltar-iso-och-afs","8":"product_cat-forbudsdekaler-iso-afs","9":"product_cat-forbudsskyltar-iso-afs","10":"product_cat-informationsskyltar","12":"first","13":"onbackorder","14":"taxable","15":"shipping-taxable","16":"purchasable","17":"product-type-variable","18":"add-to-wishlist-before_image"},"acf":[],"_links":{"self":[{"href":"https:\/\/www.collinder.se\/wp-json\/wp\/v2\/product\/1418","targetHints":{"allow":["GET"]}}],"collection":[{"href":"https:\/\/www.collinder.se\/wp-json\/wp\/v2\/product"}],"about":[{"href":"https:\/\/www.collinder.se\/wp-json\/wp\/v2\/types\/product"}],"wp:featuredmedia":[{"embeddable":true,"href":"https:\/\/www.collinder.se\/wp-json\/wp\/v2\/media\/22727"}],"wp:attachment":[{"href":"https:\/\/www.collinder.se\/wp-json\/wp\/v2\/media?parent=1418"}],"wp:term":[{"taxonomy":"product_brand","embeddable":true,"href":"https:\/\/www.collinder.se\/wp-json\/wp\/v2\/product_brand?post=1418"},{"taxonomy":"product_cat","embeddable":true,"href":"https:\/\/www.collinder.se\/wp-json\/wp\/v2\/product_cat?post=1418"},{"taxonomy":"product_tag","embeddable":true,"href":"https:\/\/www.collinder.se\/wp-json\/wp\/v2\/product_tag?post=1418"}],"curies":[{"name":"wp","href":"https:\/\/api.w.org\/{rel}","templated":true}]}}