{"id":1515,"date":"2024-05-21T02:04:42","date_gmt":"2024-05-21T00:04:42","guid":{"rendered":"https:\/\/www.collinder.se\/produkt\/strombrytarlas-grip-tight\/"},"modified":"2026-04-30T11:00:25","modified_gmt":"2026-04-30T09:00:25","slug":"strombrytarlas-grip-tight","status":"publish","type":"product","link":"https:\/\/www.collinder.se\/en\/produkt\/strombrytarlas-grip-tight\/","title":{"rendered":"Str\u00f6mbrytarl\u00e5s Grip Tight\u2122"},"content":{"rendered":"<h2 class=\"smaller\"><span class=\"blue-txt\">S\u00e4ker l\u00e5sning av flerpoliga brytare \u2013 utan verktyg<\/span><\/h2>\n<p data-start=\"139\" data-end=\"536\">Den smidiga konstruktionen i ett stycke g\u00f6r att enheten enkelt kan monteras utan n\u00e5gra verktyg. Med en r\u00e4fflad tumskruv i rostfritt st\u00e5l och ett b\u00f6jt blad f\u00e5r brytarens handtag ett stabilt grepp som h\u00e5ller l\u00e5sningen p\u00e5 plats. En fast kl\u00e4mma fungerar som en extra sp\u00e4rr och f\u00f6rhindrar att brytaren oavsiktligt sl\u00e5s p\u00e5. Enheten passar de flesta typer och storlekar av effektbrytare.<br \/>\nProdukten \u00e4r inte EX-klassad enligt de officiella certifieringsstandarderna. D\u00e4remot har den genomg\u00e5tt noggranna och likv\u00e4rdiga tester f\u00f6r att uppfylla s\u00e4kerhetskraven i milj\u00f6er med explosionsrisk. L\u00e4s mer under fliken Dokument.<\/p>\n<ul>\n<li data-start=\"139\" data-end=\"536\"><strong data-start=\"125\" data-end=\"151\">Verktygsfri montering:<\/strong> Enkel installation med tumskruv \u2013 inget verktyg beh\u00f6vs.<\/li>\n<li data-start=\"139\" data-end=\"536\"><strong data-start=\"210\" data-end=\"228\">S\u00e4ker l\u00e5sning:<\/strong> Stabilt grepp som h\u00e5ller l\u00e5sningen p\u00e5 plats.<\/li>\n<li data-start=\"139\" data-end=\"536\"><strong data-start=\"276\" data-end=\"292\" data-is-only-node=\"\">Extra skydd:<\/strong> Fast kl\u00e4mma f\u00f6rhindrar oavsiktlig p\u00e5slagning.<\/li>\n<li data-start=\"139\" data-end=\"536\"><strong data-start=\"341\" data-end=\"363\">Flexibel passform:<\/strong> Fungerar i b\u00e5de vertikal och horisontell position.<\/li>\n<li><strong data-start=\"0\" data-end=\"24\" data-is-only-node=\"\">Noggrant testad:<\/strong>\u00a0Produkten har genomg\u00e5tt noggranna tester f\u00f6r att s\u00e4kerst\u00e4lla s\u00e4kerhet i milj\u00f6er med explosionsrisk.<\/li>\n<\/ul>\n<p>&nbsp;<\/p>\n","protected":false},"excerpt":{"rendered":"Grip Tight\u2122 Plus Lockout-enhet f\u00f6r effektbrytare. Av plast och rostfritt st\u00e5l och med h\u00e5l f\u00f6r l\u00e5sbygel. Kompatibel med en m\u00e4ngd olika former och storlekar p\u00e5 effektbrytaren.\r\nFinns i tre varianter:\r\n<ul>\r\n \t<li>F\u00f6r effektbrytare 480\/600 V &#8211; passar formgjutna effektbrytare<\/li>\r\n \t<li>F\u00f6r sm\u00e5 brytare 120\/240 V &#8211; passar minibrytare<\/li>\r\n \t<li>F\u00f6r stora brytare 480\/600 V &#8211; passar \u00f6verdimensionerade handtagskretsbrytare<\/li>\r\n<\/ul>","protected":false},"featured_media":18346,"template":"","meta":{"_acf_changed":false},"product_brand":[1434],"product_cat":[172],"product_tag":[],"class_list":{"0":"post-1515","1":"product","2":"type-product","3":"status-publish","4":"has-post-thumbnail","6":"product_brand-masterlock","7":"product_cat-las-for-el","9":"first","10":"instock","11":"taxable","12":"shipping-taxable","13":"purchasable","14":"product-type-variable","15":"add-to-wishlist-before_image"},"acf":[],"_links":{"self":[{"href":"https:\/\/www.collinder.se\/wp-json\/wp\/v2\/product\/1515","targetHints":{"allow":["GET"]}}],"collection":[{"href":"https:\/\/www.collinder.se\/wp-json\/wp\/v2\/product"}],"about":[{"href":"https:\/\/www.collinder.se\/wp-json\/wp\/v2\/types\/product"}],"wp:featuredmedia":[{"embeddable":true,"href":"https:\/\/www.collinder.se\/wp-json\/wp\/v2\/media\/18346"}],"wp:attachment":[{"href":"https:\/\/www.collinder.se\/wp-json\/wp\/v2\/media?parent=1515"}],"wp:term":[{"taxonomy":"product_brand","embeddable":true,"href":"https:\/\/www.collinder.se\/wp-json\/wp\/v2\/product_brand?post=1515"},{"taxonomy":"product_cat","embeddable":true,"href":"https:\/\/www.collinder.se\/wp-json\/wp\/v2\/product_cat?post=1515"},{"taxonomy":"product_tag","embeddable":true,"href":"https:\/\/www.collinder.se\/wp-json\/wp\/v2\/product_tag?post=1515"}],"curies":[{"name":"wp","href":"https:\/\/api.w.org\/{rel}","templated":true}]}}