{"id":1521,"date":"2024-05-21T02:04:44","date_gmt":"2024-05-21T00:04:44","guid":{"rendered":"https:\/\/www.collinder.se\/produkt\/svart-buntband-plast\/"},"modified":"2026-04-27T14:01:03","modified_gmt":"2026-04-27T12:01:03","slug":"black-plastic-cable-tie","status":"publish","type":"product","link":"https:\/\/www.collinder.se\/en\/produkt\/svart-buntband-plast\/","title":{"rendered":"Svart buntband, plast"},"content":{"rendered":"<h2 class=\"smaller\"><span class=\"blue-txt\">UV-resistent buntband f\u00f6r s\u00e4ker buntning<\/span><\/h2>\n<p data-start=\"176\" data-end=\"383\">Svart standardbuntband tillverkat i plast av polyamid PA 6.6. Materialet \u00e4r UV-resistent och l\u00e4mpar sig f\u00f6r buntning och inf\u00e4stning av kablar, slangar och komponenter inom installation, industri och service.<br \/>\nBuntbandet ger en stabil och s\u00e4ker inf\u00e4stning och kan anv\u00e4ndas b\u00e5de i inomhusmilj\u00f6er och utomhus d\u00e4r materialet uts\u00e4tts f\u00f6r solljus.<br \/>\nLevereras i f\u00f6rpackning om 100 stycken.<\/p>\n<ul>\n<li data-start=\"59\" data-end=\"147\"><strong data-start=\"59\" data-end=\"85\">UV-resistent material:<\/strong> Svart polyamid PA 6.6 f\u00f6r anv\u00e4ndning b\u00e5de inom- och utomhus.<\/li>\n<li data-start=\"150\" data-end=\"207\"><strong data-start=\"150\" data-end=\"169\">S\u00e4ker buntning:<\/strong> F\u00f6r kablar, slangar och komponenter.<\/li>\n<li data-start=\"210\" data-end=\"287\"><strong data-start=\"210\" data-end=\"237\">Slitstark konstruktion:<\/strong> T\u00e5l kr\u00e4vande installations- och industrimilj\u00f6er.<\/li>\n<li data-start=\"344\" data-end=\"390\"><strong data-start=\"344\" data-end=\"369\">Praktisk f\u00f6rpackning:<\/strong> Levereras i 100-pack.<\/li>\n<\/ul>\n","protected":false},"excerpt":{"rendered":"Svart standardbuntband i slitstark polyamid PA 6.6 f\u00f6r buntning och inf\u00e4stning av kablar och komponenter. UV-resistent material f\u00f6r anv\u00e4ndning b\u00e5de inomhus och utomhus. Levereras i f\u00f6rpackning om 100 stycken.","protected":false},"featured_media":18334,"template":"","meta":{"_acf_changed":false},"product_brand":[],"product_cat":[165],"product_tag":[],"class_list":{"0":"post-1521","1":"product","2":"type-product","3":"status-publish","4":"has-post-thumbnail","6":"product_cat-buntband","8":"first","9":"instock","10":"taxable","11":"shipping-taxable","12":"purchasable","13":"product-type-variable","14":"add-to-wishlist-before_image"},"acf":[],"_links":{"self":[{"href":"https:\/\/www.collinder.se\/wp-json\/wp\/v2\/product\/1521","targetHints":{"allow":["GET"]}}],"collection":[{"href":"https:\/\/www.collinder.se\/wp-json\/wp\/v2\/product"}],"about":[{"href":"https:\/\/www.collinder.se\/wp-json\/wp\/v2\/types\/product"}],"wp:featuredmedia":[{"embeddable":true,"href":"https:\/\/www.collinder.se\/wp-json\/wp\/v2\/media\/18334"}],"wp:attachment":[{"href":"https:\/\/www.collinder.se\/wp-json\/wp\/v2\/media?parent=1521"}],"wp:term":[{"taxonomy":"product_brand","embeddable":true,"href":"https:\/\/www.collinder.se\/wp-json\/wp\/v2\/product_brand?post=1521"},{"taxonomy":"product_cat","embeddable":true,"href":"https:\/\/www.collinder.se\/wp-json\/wp\/v2\/product_cat?post=1521"},{"taxonomy":"product_tag","embeddable":true,"href":"https:\/\/www.collinder.se\/wp-json\/wp\/v2\/product_tag?post=1521"}],"curies":[{"name":"wp","href":"https:\/\/api.w.org\/{rel}","templated":true}]}}