{"id":1544,"date":"2024-05-21T02:04:51","date_gmt":"2024-05-21T00:04:51","guid":{"rendered":"https:\/\/www.collinder.se\/produkt\/tryckt-pilskylt-fritext\/"},"modified":"2026-04-08T09:00:19","modified_gmt":"2026-04-08T07:00:19","slug":"printed-arrow-sign-free-text","status":"publish","type":"product","link":"https:\/\/www.collinder.se\/en\/produkt\/tryckt-pilskylt-fritext\/","title":{"rendered":"Tryckt pilskylt, fritext"},"content":{"rendered":"<h2 class=\"smaller\"><span class=\"blue-txt\">Tydlig r\u00f6rm\u00e4rkning f\u00f6r \u00f6kad s\u00e4kerhet<\/span><\/h2>\n<p>R\u00f6rskyltar anv\u00e4nds f\u00f6r att m\u00e4rka r\u00f6rledningar och hj\u00e4lpa till att identifiera vilket material eller vilken substans som transporteras genom r\u00f6ren. Detta \u00e4r viktigt f\u00f6r att underl\u00e4tta underh\u00e5ll och reparationer av r\u00f6rledningar och f\u00f6r att f\u00f6rhindra olyckor och incidenter. V\u00e5ra pilskyltar \u00e4r slitstarka och finns f\u00f6r b\u00e5de inom- och utomhus bruk.<\/p>\n<ul>\n<li data-start=\"234\" data-end=\"330\"><strong data-start=\"234\" data-end=\"256\">Anpassad m\u00e4rkning:<\/strong> V\u00e4lj sj\u00e4lv media, f\u00e4rg och GHS-symbol \u2013 anpassat efter era behov.<\/li>\n<li data-start=\"332\" data-end=\"445\"><strong data-start=\"332\" data-end=\"367\">Tydlig och s\u00e4ker identifiering:<\/strong> Underl\u00e4ttar snabb f\u00f6rst\u00e5else av inneh\u00e5ll och fl\u00f6desriktning i r\u00f6rledningar.<\/li>\n<li data-start=\"447\" data-end=\"559\"><strong data-start=\"447\" data-end=\"466\">F\u00f6r sv\u00e5ra ytor:<\/strong> Monteras enkelt med buntband \u2013 perfekt f\u00f6r sm\u00e5 r\u00f6r eller oj\u00e4mna ytor d\u00e4r tejp inte f\u00e4ster.<\/li>\n<li data-start=\"561\" data-end=\"662\"><strong data-start=\"561\" data-end=\"586\">Slitstark plastskylt:<\/strong> Tryckt p\u00e5 1 mm plast \u2013 h\u00e5llbar och t\u00e5lig f\u00f6r b\u00e5de inom- och utomhusmilj\u00f6.<\/li>\n<li data-start=\"664\" data-end=\"761\"><strong data-start=\"664\" data-end=\"682\">\u00d6kad s\u00e4kerhet:<\/strong> Bidrar till att f\u00f6rhindra olyckor och f\u00f6renklar service- och underh\u00e5llsarbete.<\/li>\n<\/ul>\n","protected":false},"excerpt":{"rendered":"<p data-start=\"92\" data-end=\"200\">Tryckt pilskylt i 1 mm plast som strappas fast med buntband och passar n\u00e4r r\u00f6ren \u00e4r sm\u00e5 eller har oj\u00e4mn yta.\r\nAnge \u00f6nskad text i fritextrutan.<\/p>","protected":false},"featured_media":18042,"template":"","meta":{"_acf_changed":false},"product_brand":[1430],"product_cat":[1274],"product_tag":[],"class_list":{"0":"post-1544","1":"product","2":"type-product","3":"status-publish","4":"has-post-thumbnail","6":"product_brand-collinder","7":"product_cat-rormarkningsskyltar","9":"first","10":"onbackorder","11":"taxable","12":"shipping-taxable","13":"purchasable","14":"product-type-variable","15":"add-to-wishlist-before_image"},"acf":[],"_links":{"self":[{"href":"https:\/\/www.collinder.se\/wp-json\/wp\/v2\/product\/1544","targetHints":{"allow":["GET"]}}],"collection":[{"href":"https:\/\/www.collinder.se\/wp-json\/wp\/v2\/product"}],"about":[{"href":"https:\/\/www.collinder.se\/wp-json\/wp\/v2\/types\/product"}],"wp:featuredmedia":[{"embeddable":true,"href":"https:\/\/www.collinder.se\/wp-json\/wp\/v2\/media\/18042"}],"wp:attachment":[{"href":"https:\/\/www.collinder.se\/wp-json\/wp\/v2\/media?parent=1544"}],"wp:term":[{"taxonomy":"product_brand","embeddable":true,"href":"https:\/\/www.collinder.se\/wp-json\/wp\/v2\/product_brand?post=1544"},{"taxonomy":"product_cat","embeddable":true,"href":"https:\/\/www.collinder.se\/wp-json\/wp\/v2\/product_cat?post=1544"},{"taxonomy":"product_tag","embeddable":true,"href":"https:\/\/www.collinder.se\/wp-json\/wp\/v2\/product_tag?post=1544"}],"curies":[{"name":"wp","href":"https:\/\/api.w.org\/{rel}","templated":true}]}}