{"id":1545,"date":"2024-05-21T02:04:51","date_gmt":"2024-05-21T00:04:51","guid":{"rendered":"https:\/\/www.collinder.se\/produkt\/tryckt-pilskylt-tryckluft-ghs4\/"},"modified":"2026-04-29T14:00:26","modified_gmt":"2026-04-29T12:00:26","slug":"printed-arrow-sign-compressed-air-ghs4","status":"publish","type":"product","link":"https:\/\/www.collinder.se\/en\/produkt\/tryckt-pilskylt-tryckluft-ghs4\/","title":{"rendered":"Tryckt pilskylt, Tryckluft GHS4"},"content":{"rendered":"<h2 class=\"smaller\"><span class=\"blue-txt\">Tydlig m\u00e4rkning f\u00f6r sm\u00e5 r\u00f6r och slangar<\/span><\/h2>\n<p>Perfekt f\u00f6r slangar och sm\u00e5 r\u00f6r d\u00e4r man \u00e4nd\u00e5 vill ha en tydligare, st\u00f6rre m\u00e4rkning. Levereras komplett med GHS-symbol. Pilskyltarna s\u00e4tts fast med buntband, perfekt att anv\u00e4nda n\u00e4r r\u00f6ren \u00e4r sm\u00e5 eller har d\u00e5lig yta.<\/p>\n<ul>\n<li data-start=\"154\" data-end=\"271\"><strong data-start=\"154\" data-end=\"190\">Tydlig m\u00e4rkning \u00e4ven p\u00e5 sm\u00e5 r\u00f6r:<\/strong> Perfekt n\u00e4r du vill ha st\u00f6rre och mer synlig m\u00e4rkning trots begr\u00e4nsat utrymme.<\/li>\n<li data-start=\"273\" data-end=\"371\"><strong data-start=\"273\" data-end=\"301\">Komplett med GHS-symbol:<\/strong> Levereras f\u00e4rdig med symbol f\u00f6r snabb och korrekt varningsm\u00e4rkning.<\/li>\n<li data-start=\"373\" data-end=\"467\"><strong data-start=\"373\" data-end=\"406\">Enkel montering med buntband:<\/strong> F\u00e4sts snabbt och s\u00e4kert \u2013 \u00e4ven p\u00e5 oj\u00e4mna eller sv\u00e5ra ytor.<\/li>\n<li data-start=\"469\" data-end=\"570\"><strong data-start=\"469\" data-end=\"502\">Anpassad f\u00f6r tr\u00e5nga utrymmen:<\/strong> Smidig l\u00f6sning d\u00e4r traditionell tejp eller etikett inte fungerar.<\/li>\n<li data-start=\"572\" data-end=\"684\"><strong data-start=\"572\" data-end=\"590\">\u00d6kad s\u00e4kerhet:<\/strong> G\u00f6r \u00e4ven sm\u00e5 installationer l\u00e4tta att identifiera och f\u00f6rst\u00e5 vid inspektion eller driftstopp.<\/li>\n<\/ul>\n","protected":false},"excerpt":{"rendered":"Tryckt pilskylt med standardtext Tryckluft och symbol GHS4 i 1 mm plast med en pilspets i var \u00e4nde \u2013 klipp av den felaktiga. Avsedd f\u00f6r inomhusbruk.\r\nLevereras med 2 h\u00e5l \u00d85 mm.","protected":false},"featured_media":18038,"template":"","meta":{"_acf_changed":false},"product_brand":[1430],"product_cat":[1697,1274],"product_tag":[],"class_list":{"0":"post-1545","1":"product","2":"type-product","3":"status-publish","4":"has-post-thumbnail","6":"product_brand-collinder","7":"product_cat-rormarkning-tryckluft","8":"product_cat-rormarkningsskyltar","10":"first","11":"instock","12":"taxable","13":"shipping-taxable","14":"purchasable","15":"product-type-variable","16":"add-to-wishlist-before_image"},"acf":[],"_links":{"self":[{"href":"https:\/\/www.collinder.se\/wp-json\/wp\/v2\/product\/1545","targetHints":{"allow":["GET"]}}],"collection":[{"href":"https:\/\/www.collinder.se\/wp-json\/wp\/v2\/product"}],"about":[{"href":"https:\/\/www.collinder.se\/wp-json\/wp\/v2\/types\/product"}],"wp:featuredmedia":[{"embeddable":true,"href":"https:\/\/www.collinder.se\/wp-json\/wp\/v2\/media\/18038"}],"wp:attachment":[{"href":"https:\/\/www.collinder.se\/wp-json\/wp\/v2\/media?parent=1545"}],"wp:term":[{"taxonomy":"product_brand","embeddable":true,"href":"https:\/\/www.collinder.se\/wp-json\/wp\/v2\/product_brand?post=1545"},{"taxonomy":"product_cat","embeddable":true,"href":"https:\/\/www.collinder.se\/wp-json\/wp\/v2\/product_cat?post=1545"},{"taxonomy":"product_tag","embeddable":true,"href":"https:\/\/www.collinder.se\/wp-json\/wp\/v2\/product_tag?post=1545"}],"curies":[{"name":"wp","href":"https:\/\/api.w.org\/{rel}","templated":true}]}}