{"id":1574,"date":"2024-05-21T02:04:59","date_gmt":"2024-05-21T00:04:59","guid":{"rendered":"https:\/\/www.collinder.se\/produkt\/vinylfolie-b-439\/"},"modified":"2025-10-03T00:01:00","modified_gmt":"2025-10-02T22:01:00","slug":"vinyl-film-b-439","status":"publish","type":"product","link":"https:\/\/www.collinder.se\/en\/produkt\/vinylfolie-b-439\/","title":{"rendered":"Vinylfolie B-439"},"content":{"rendered":"<p>Finns i m\u00e5nga olika f\u00e4rger som ett specialtillval. Passar till: BMP61, BMP71 (med mediaadapter), M610, M611, M710 (med mediaadapter).<\/p>\n<ul>\n<li>Designad f\u00f6r anv\u00e4ndning i omgivningsf\u00f6rh\u00e5llanden med begr\u00e4nsad exponering f\u00f6r l\u00f6sningsmedel<\/li>\n<li>Vinylfilm inomhus\/utomhus har ett tryckk\u00e4nsligt akryllim<\/li>\n<li>Drifttemperatur p\u00e5 -70 till 40\u00b0 C<\/li>\n<\/ul>\n<p>F\u00e4rgband som \u00e4r kompatibla med detta material \u00e4r:<\/p>\n<ul>\n<li>F\u00f6r m\u00e4rkmaskiner M610, BMP61 och M611: M61-R6010<\/li>\n<li>F\u00f6r m\u00e4rkmaskiner M710 och BMP71: M7-R6000<\/li>\n<\/ul>\n<p>Denna etikett \u00e4r inte l\u00e4ngre kompatibel med skrivare i TLS-serien.<\/p>\n","protected":false},"excerpt":{"rendered":"Brady (B-439) \u00e4r ett material som \u00e4r idealiskt f\u00f6r applikationer som beh\u00f6ver olika f\u00e4rger som f\u00e4rdigt produkt-ID, m\u00e4rkskyltar och allm\u00e4nt ID. F\u00e4rg: Vit, L\u00e4ngd: 15,24 meter.","protected":false},"featured_media":15823,"template":"","meta":{"_acf_changed":false},"product_brand":[1428],"product_cat":[1425],"product_tag":[],"class_list":{"0":"post-1574","1":"product","2":"type-product","3":"status-publish","4":"has-post-thumbnail","6":"product_brand-brady","7":"product_cat-forbrukningsmaterial-till-brady-m710","9":"first","10":"onbackorder","11":"taxable","12":"shipping-taxable","13":"purchasable","14":"product-type-variable","15":"add-to-wishlist-before_image"},"acf":[],"_links":{"self":[{"href":"https:\/\/www.collinder.se\/wp-json\/wp\/v2\/product\/1574","targetHints":{"allow":["GET"]}}],"collection":[{"href":"https:\/\/www.collinder.se\/wp-json\/wp\/v2\/product"}],"about":[{"href":"https:\/\/www.collinder.se\/wp-json\/wp\/v2\/types\/product"}],"wp:featuredmedia":[{"embeddable":true,"href":"https:\/\/www.collinder.se\/wp-json\/wp\/v2\/media\/15823"}],"wp:attachment":[{"href":"https:\/\/www.collinder.se\/wp-json\/wp\/v2\/media?parent=1574"}],"wp:term":[{"taxonomy":"product_brand","embeddable":true,"href":"https:\/\/www.collinder.se\/wp-json\/wp\/v2\/product_brand?post=1574"},{"taxonomy":"product_cat","embeddable":true,"href":"https:\/\/www.collinder.se\/wp-json\/wp\/v2\/product_cat?post=1574"},{"taxonomy":"product_tag","embeddable":true,"href":"https:\/\/www.collinder.se\/wp-json\/wp\/v2\/product_tag?post=1574"}],"curies":[{"name":"wp","href":"https:\/\/api.w.org\/{rel}","templated":true}]}}