{"id":1578,"date":"2024-05-21T02:05:00","date_gmt":"2024-05-21T00:05:00","guid":{"rendered":"https:\/\/www.collinder.se\/produkt\/vinylfolie-premium-b-595\/"},"modified":"2026-03-27T10:44:37","modified_gmt":"2026-03-27T09:44:37","slug":"vinyl-film-premium-b-595","status":"publish","type":"product","link":"https:\/\/www.collinder.se\/en\/produkt\/vinylfolie-premium-b-595\/","title":{"rendered":"Vinylfolie Premium B-595"},"content":{"rendered":"<table>\n<tbody>\n<tr>\n<td>Lim<\/td>\n<td>Permanent akryl<\/td>\n<\/tr>\n<tr>\n<td>Till\u00e4mpning<\/td>\n<td>Anl\u00e4ggnings- och s\u00e4kerhetsidentifiering<\/td>\n<\/tr>\n<tr>\n<td>Brady Materialnr.<\/td>\n<td>B-595<\/td>\n<\/tr>\n<tr>\n<td>Beskrivning<\/td>\n<td>Slitstark vinyl med l\u00e5g krympning och v\u00e5rt mest aggressiva h\u00e4ft\u00e4mne. Anpassar sig till oregelbundna, b\u00f6jda, grova och mycket strukturerade ytor (m\u00e5lade betongblock, oj\u00e4mnt tr\u00e4, strukturerad plast, pappersmantlade r\u00f6r, pulverlackerade ytor). F\u00e4ster p\u00e5 &#8221;sv\u00e5ra&#8221; energif\u00f6rem\u00e5l med l\u00e5g ytj\u00e4mnhet (PVC-r\u00f6r, formbl\u00e5sta apparatsk\u00e5p, ABS-plast, \u00e5tervunnen plast).<\/td>\n<\/tr>\n<tr>\n<td>Ytbehandling<\/td>\n<td>Blank<\/td>\n<\/tr>\n<tr>\n<td>Bransch<\/td>\n<td>Anl\u00e4ggnings- och s\u00e4kerhetsidentifiering; Allm\u00e4n identifiering<\/td>\n<\/tr>\n<tr>\n<td>Materialtyp<\/td>\n<td>Vinyl<\/td>\n<\/tr>\n<tr>\n<td>Max. brukstemp. \u00b0C<\/td>\n<td>82<\/td>\n<\/tr>\n<tr>\n<td>Min. appliceringstemp. \u00b0C<\/td>\n<td>-18<\/td>\n<\/tr>\n<tr>\n<td>Min. brukstemp. \u00b0C<\/td>\n<td>-40<\/td>\n<\/tr>\n<tr>\n<td>Skrivarkompabilitet<\/td>\n<td>BBP30; BBP31; BBP33; BBP35; BBP37<\/td>\n<\/tr>\n<tr>\n<td>Yta<\/td>\n<td>F\u00f6r sl\u00e4ta, texturerade\/grova eller h\u00f6gtexturerade ytor\/ytor med l\u00e5g ytenergi<\/td>\n<\/tr>\n<tr>\n<td>Bandserie<\/td>\n<td>B30-R10 000-WT<\/td>\n<\/tr>\n<tr>\n<td>Storlek &#8211; l\u00e4ngd (m)<\/td>\n<td>30.40<\/td>\n<\/tr>\n<tr>\n<td>Programvarukompabilitet<\/td>\n<td>Brady Workstation, LabelMark, MarkWare<\/td>\n<\/tr>\n<tr>\n<td>Tjocklek (mm)<\/td>\n<td>0.102<\/td>\n<\/tr>\n<tr>\n<td>Anv\u00e4ndning<\/td>\n<td>8\u201310 \u00e5rs utomhusbruk<\/td>\n<\/tr>\n<\/tbody>\n<\/table>\n","protected":false},"excerpt":{"rendered":"Rulle p\u00e5 30,4 meter. Passar till: BBP30, BBP31, BBP33, BBP35 och BBP37.","protected":false},"featured_media":17729,"template":"","meta":{"_acf_changed":false},"product_brand":[1428],"product_cat":[1362],"product_tag":[],"class_list":{"0":"post-1578","1":"product","2":"type-product","3":"status-publish","4":"has-post-thumbnail","6":"product_brand-brady","7":"product_cat-forbrukningsmaterial-till-brady-bbp","9":"first","10":"instock","11":"taxable","12":"shipping-taxable","13":"purchasable","14":"product-type-variable","15":"add-to-wishlist-before_image"},"acf":[],"_links":{"self":[{"href":"https:\/\/www.collinder.se\/wp-json\/wp\/v2\/product\/1578","targetHints":{"allow":["GET"]}}],"collection":[{"href":"https:\/\/www.collinder.se\/wp-json\/wp\/v2\/product"}],"about":[{"href":"https:\/\/www.collinder.se\/wp-json\/wp\/v2\/types\/product"}],"wp:featuredmedia":[{"embeddable":true,"href":"https:\/\/www.collinder.se\/wp-json\/wp\/v2\/media\/17729"}],"wp:attachment":[{"href":"https:\/\/www.collinder.se\/wp-json\/wp\/v2\/media?parent=1578"}],"wp:term":[{"taxonomy":"product_brand","embeddable":true,"href":"https:\/\/www.collinder.se\/wp-json\/wp\/v2\/product_brand?post=1578"},{"taxonomy":"product_cat","embeddable":true,"href":"https:\/\/www.collinder.se\/wp-json\/wp\/v2\/product_cat?post=1578"},{"taxonomy":"product_tag","embeddable":true,"href":"https:\/\/www.collinder.se\/wp-json\/wp\/v2\/product_tag?post=1578"}],"curies":[{"name":"wp","href":"https:\/\/api.w.org\/{rel}","templated":true}]}}