{"id":21815,"date":"2025-02-09T10:52:56","date_gmt":"2025-02-09T09:52:56","guid":{"rendered":"https:\/\/www.collinder.se\/?post_type=product&#038;p=21815"},"modified":"2026-04-20T10:51:33","modified_gmt":"2026-04-20T08:51:33","slug":"stable-symbol-earth","status":"publish","type":"product","link":"https:\/\/www.collinder.se\/en\/produkt\/stallverkssymbol-jord\/","title":{"rendered":"St\u00e4llverkssymbol jord"},"content":{"rendered":"<h2 class=\"smaller\">St\u00e4llverksm\u00e4rkning<\/h2>\n<p>Systemet omfattar symboler f\u00f6r olika funktioner samt strips f\u00f6r att sammanbinda de olika funktionerna. Materialet \u00e4r sj\u00e4lvh\u00e4ftande svart vinyl av h\u00f6g kvalitet som klarar utomhusklimat i 7 \u00e5r. Symbolerna \u00e4r rensade och f\u00f6rsedda med montagefolie.<\/p>\n<h3>Montering<\/h3>\n<p>F\u00f6re montering skall ytan reng\u00f6ras v\u00e4l, t ex med T-R\u00f6d. F\u00f6re montering tas bakpappret av, symbolen monteras och pressas v\u00e4l mot underlaget, d\u00e4refter tas montagefolien bort. Monteringen f\u00f6renklas om man anv\u00e4nder en plastskrapa, t.ex. en f\u00f6nsterskrapa av plast.<\/p>\n","protected":false},"excerpt":{"rendered":"Svart folie, 10 symboler per f\u00f6rpackning.","protected":false},"featured_media":19008,"template":"","meta":{"_acf_changed":false},"product_brand":[1430],"product_cat":[42],"product_tag":[],"class_list":{"0":"post-21815","1":"product","2":"type-product","3":"status-publish","4":"has-post-thumbnail","6":"product_brand-collinder","7":"product_cat-stallverksmarkning","9":"first","10":"instock","11":"taxable","12":"shipping-taxable","13":"purchasable","14":"product-type-variable","15":"add-to-wishlist-before_image"},"acf":[],"_links":{"self":[{"href":"https:\/\/www.collinder.se\/wp-json\/wp\/v2\/product\/21815","targetHints":{"allow":["GET"]}}],"collection":[{"href":"https:\/\/www.collinder.se\/wp-json\/wp\/v2\/product"}],"about":[{"href":"https:\/\/www.collinder.se\/wp-json\/wp\/v2\/types\/product"}],"wp:featuredmedia":[{"embeddable":true,"href":"https:\/\/www.collinder.se\/wp-json\/wp\/v2\/media\/19008"}],"wp:attachment":[{"href":"https:\/\/www.collinder.se\/wp-json\/wp\/v2\/media?parent=21815"}],"wp:term":[{"taxonomy":"product_brand","embeddable":true,"href":"https:\/\/www.collinder.se\/wp-json\/wp\/v2\/product_brand?post=21815"},{"taxonomy":"product_cat","embeddable":true,"href":"https:\/\/www.collinder.se\/wp-json\/wp\/v2\/product_cat?post=21815"},{"taxonomy":"product_tag","embeddable":true,"href":"https:\/\/www.collinder.se\/wp-json\/wp\/v2\/product_tag?post=21815"}],"curies":[{"name":"wp","href":"https:\/\/api.w.org\/{rel}","templated":true}]}}