{"id":21971,"date":"2025-02-13T09:09:42","date_gmt":"2025-02-13T08:09:42","guid":{"rendered":"https:\/\/www.collinder.se\/?post_type=product&#038;p=21971"},"modified":"2025-12-09T08:30:14","modified_gmt":"2025-12-09T07:30:14","slug":"skipper-unicart-trolley-for-sawn-timber-products","status":"publish","type":"product","link":"https:\/\/www.collinder.se\/en\/produkt\/skipper-unicart-vagn-for-avsparrningsprodukter\/","title":{"rendered":"Skipper Unicart &#8211; Vagn f\u00f6r avsp\u00e4rrningsprodukter"},"content":{"rendered":"<h2 class=\"smaller\"><span class=\"blue-txt\">Skipper Unicart &#8211; g\u00f6r tunga uppgifter l\u00e4tta och smidiga<\/span><\/h2>\n<p>Skipper Unicart \u00e4r designad f\u00f6r att underl\u00e4tta transport av Skipper-serien och \u00e4r anpassad f\u00f6r anv\u00e4ndning i alla typer av milj\u00f6er, b\u00e5de inomhus och utomhus.<br \/>\nP\u00e5 vagnen kan du stapla upp till 6 st Skipper-stolpar och baser alternativt 6 st koner, beroende p\u00e5 vilket paket du v\u00e4ljer. Vagnen klarar av att b\u00e4ra \u00f6ver 100 kg n\u00e4r baserna \u00e4r fyllda med vatten.<br \/>\nSom tillbeh\u00f6r till v\u00e4gkonerna finns en viktring artikel <a href=\"https:\/\/www.collinder.se\/produkt\/skipper-viktring-till-skruvad-vagkona\/\">wheight01<\/a>, f\u00f6r extra tyngd och stabilitet.<br \/>\nTack vare sitt stora ergonomiskt utformade handtag, bromsar och fj\u00e4dring p\u00e5 bakhjulen, \u00e4r vagnen l\u00e4tt att man\u00f6vrera.<br \/>\nFj\u00e4dringen p\u00e5 bakhjulen utg\u00f6r en betydande f\u00f6rdel d\u00e5 den f\u00f6rb\u00e4ttrar kontrollen \u00f6ver vagnen och samtidigt minskar ljudniv\u00e5n n\u00e4r den r\u00f6r sig \u00f6ver olika ytor. Oavsett om det \u00e4r p\u00e5 ett hotell, i ett kontor eller p\u00e5 en byggarbetsplats, \u00e4r den m\u00e5ngsidiga Skipper Unicart den perfekta l\u00f6sningen f\u00f6r att anpassa sig till din arbetsmilj\u00f6.<br \/>\nSkipper Unicart \u00e4r b\u00e5de stilren, robust och h\u00e5llbar, vilket g\u00f6r den idealisk f\u00f6r en m\u00e4ngd olika uppgifter och arbetsmilj\u00f6er.<\/p>\n<ul>\n<li data-start=\"158\" data-end=\"248\"><strong data-start=\"158\" data-end=\"182\">Kraftfull kapacitet:<\/strong> Rymmer upp till 6 stolpar och 6 baser, klarar \u00f6ver 100 kg last.<\/li>\n<li data-start=\"251\" data-end=\"344\"><strong data-start=\"251\" data-end=\"273\">Ergonomisk design:<\/strong> Stort handtag, bromsar och fj\u00e4dring f\u00f6r enkel och s\u00e4ker man\u00f6vrering.<\/li>\n<li data-start=\"347\" data-end=\"441\"><strong data-start=\"347\" data-end=\"367\">Tyst och stabil:<\/strong> Fj\u00e4drade bakhjul minskar ljud och ger b\u00e4ttre kontroll p\u00e5 alla underlag.<\/li>\n<li data-start=\"444\" data-end=\"540\"><strong data-start=\"444\" data-end=\"469\">M\u00e5ngsidig anv\u00e4ndning:<\/strong> Passar alla milj\u00f6er \u2013 fr\u00e5n hotell och kontor till byggarbetsplatser.<\/li>\n<li data-start=\"543\" data-end=\"640\"><strong data-start=\"543\" data-end=\"566\">Robust och h\u00e5llbar:<\/strong> Stilren konstruktion framtagen f\u00f6r l\u00e5ng livsl\u00e4ngd och p\u00e5litlig prestanda.<\/li>\n<\/ul>\n<p>&nbsp;<\/p>\n<h3 class=\"smaller\"><span class=\"blue-txt\">Vagnen med stolpar levereras fullt utrustad och inkluderar:<\/span><\/h3>\n<ul>\n<li>6 st stolpar<\/li>\n<li>6 st baser<\/li>\n<li>6 st avsp\u00e4rrningsband<\/li>\n<\/ul>\n<p><img decoding=\"async\" src=\"https:\/\/d10ujpxt0sdyrk.cloudfront.net\/eyJidWNrZXQiOiJueHQtZm91bmRhdGlvbi1jb2xsaW5kZXIiLCJrZXkiOiJVbmljYXJ0IGlubmVoXHUwMGU1bGwuSlBHIn0=\" alt=\"Skipper Unicart inneh\u00e5ll\" width=\"270\" height=\"178\" \/><\/p>\n<h3 class=\"smaller\"><strong><br \/>\n<span class=\"blue-txt\">Vagnen med koner leverareas fullt utrustad och inkluderar:<\/span><\/strong><\/h3>\n<ul>\n<li>6 st koner<\/li>\n<li>6 st gul\/svarta avsp\u00e4rrningsband<\/li>\n<li>1 st tillbeh\u00f6rspaket inneh\u00e5llande 1 st orange soptunna, 3 st orangea l\u00e5dor och 1 st svart tr\u00e5g<\/li>\n<\/ul>\n<p><img decoding=\"async\" class=\"alignnone wp-image-24491 alignleft\" src=\"https:\/\/www.collinder.se\/wp-content\/uploads\/2025\/04\/SKIPPER-UC-FE-6C-GS_1_2.jpg\" alt=\"\" width=\"192\" height=\"192\" srcset=\"https:\/\/www.collinder.se\/wp-content\/uploads\/2025\/04\/SKIPPER-UC-FE-6C-GS_1_2.jpg 1080w, https:\/\/www.collinder.se\/wp-content\/uploads\/2025\/04\/SKIPPER-UC-FE-6C-GS_1_2-1000x1000.jpg 1000w, https:\/\/www.collinder.se\/wp-content\/uploads\/2025\/04\/SKIPPER-UC-FE-6C-GS_1_2-150x150.jpg 150w, https:\/\/www.collinder.se\/wp-content\/uploads\/2025\/04\/SKIPPER-UC-FE-6C-GS_1_2-12x12.jpg 12w, https:\/\/www.collinder.se\/wp-content\/uploads\/2025\/04\/SKIPPER-UC-FE-6C-GS_1_2-500x500.jpg 500w, https:\/\/www.collinder.se\/wp-content\/uploads\/2025\/04\/SKIPPER-UC-FE-6C-GS_1_2-400x400.jpg 400w, https:\/\/www.collinder.se\/wp-content\/uploads\/2025\/04\/SKIPPER-UC-FE-6C-GS_1_2-100x100.jpg 100w, https:\/\/www.collinder.se\/wp-content\/uploads\/2025\/04\/SKIPPER-UC-FE-6C-GS_1_2-50x50.jpg 50w, https:\/\/www.collinder.se\/wp-content\/uploads\/2025\/04\/SKIPPER-UC-FE-6C-GS_1_2-64x64.jpg 64w\" sizes=\"(max-width: 192px) 100vw, 192px\" \/><img decoding=\"async\" class=\"wp-image-24501 alignnone alignleft\" src=\"https:\/\/www.collinder.se\/wp-content\/uploads\/2025\/04\/ACCESSORY01.jpg\" alt=\"\" width=\"194\" height=\"194\" srcset=\"https:\/\/www.collinder.se\/wp-content\/uploads\/2025\/04\/ACCESSORY01.jpg 1024w, https:\/\/www.collinder.se\/wp-content\/uploads\/2025\/04\/ACCESSORY01-1000x1000.jpg 1000w, https:\/\/www.collinder.se\/wp-content\/uploads\/2025\/04\/ACCESSORY01-150x150.jpg 150w, https:\/\/www.collinder.se\/wp-content\/uploads\/2025\/04\/ACCESSORY01-12x12.jpg 12w, https:\/\/www.collinder.se\/wp-content\/uploads\/2025\/04\/ACCESSORY01-500x500.jpg 500w, https:\/\/www.collinder.se\/wp-content\/uploads\/2025\/04\/ACCESSORY01-400x400.jpg 400w, https:\/\/www.collinder.se\/wp-content\/uploads\/2025\/04\/ACCESSORY01-100x100.jpg 100w, https:\/\/www.collinder.se\/wp-content\/uploads\/2025\/04\/ACCESSORY01-50x50.jpg 50w, https:\/\/www.collinder.se\/wp-content\/uploads\/2025\/04\/ACCESSORY01-64x64.jpg 64w\" sizes=\"(max-width: 194px) 100vw, 194px\" \/><\/p>\n<p>&nbsp;<\/p>\n<p>&nbsp;<\/p>\n<p>&nbsp;<\/p>\n<p>&nbsp;<\/p>\n<p>&nbsp;<\/p>\n<p>&nbsp;<\/p>\n<p>F\u00f6r mer information om Skipper-serien och hur vi kan tillgodose just era behov,\u00a0v\u00e4nligen\u00a0<a title=\"kontakta oss\" href=\"https:\/\/www.collinder.se\/sida\/Kontakt\">kontakta oss<\/a>\u00a0s\u00e5 hj\u00e4lper vi er g\u00e4rna.<\/p>\n","protected":false},"excerpt":{"rendered":"Skipper Unicart \u00e4r en robust och ergonomisk vagn som g\u00f6r transport av Skipper-stolpar och baser enkel och effektiv. Med h\u00f6g lastkapacitet, fj\u00e4drade hjul och smart design passar den alla typer av arbetsmilj\u00f6er.\r\nV\u00e4lj mellan stolpar och koner med gul\/svarta eller r\u00f6d\/vita avsp\u00e4rrningsband.\r\nLevereras fullt utrustad med 6 st stolpar med baser eller koner och avsp\u00e4rrningsband.\r\n<ul>\r\n \t<li><strong style=\"font-size: clamp(16px, 5vw, 16px);\">Storlek:<\/strong><span style=\"font-size: clamp(16px, 5vw, 16px);\"> 705 mm x 1560 mm x 1150 mm<\/span><\/li>\r\n \t<li><strong>Vikt:<\/strong> 45 kg<\/li>\r\n<\/ul>\r\n&nbsp;","protected":false},"featured_media":21972,"template":"","meta":{"_acf_changed":false},"product_brand":[1438],"product_cat":[115],"product_tag":[],"class_list":{"0":"post-21971","1":"product","2":"type-product","3":"status-publish","4":"has-post-thumbnail","6":"product_brand-skipper","7":"product_cat-avsparrning-standard-plast","9":"first","10":"instock","11":"taxable","12":"shipping-taxable","13":"purchasable","14":"product-type-variable","15":"add-to-wishlist-before_image"},"acf":[],"_links":{"self":[{"href":"https:\/\/www.collinder.se\/wp-json\/wp\/v2\/product\/21971","targetHints":{"allow":["GET"]}}],"collection":[{"href":"https:\/\/www.collinder.se\/wp-json\/wp\/v2\/product"}],"about":[{"href":"https:\/\/www.collinder.se\/wp-json\/wp\/v2\/types\/product"}],"wp:featuredmedia":[{"embeddable":true,"href":"https:\/\/www.collinder.se\/wp-json\/wp\/v2\/media\/21972"}],"wp:attachment":[{"href":"https:\/\/www.collinder.se\/wp-json\/wp\/v2\/media?parent=21971"}],"wp:term":[{"taxonomy":"product_brand","embeddable":true,"href":"https:\/\/www.collinder.se\/wp-json\/wp\/v2\/product_brand?post=21971"},{"taxonomy":"product_cat","embeddable":true,"href":"https:\/\/www.collinder.se\/wp-json\/wp\/v2\/product_cat?post=21971"},{"taxonomy":"product_tag","embeddable":true,"href":"https:\/\/www.collinder.se\/wp-json\/wp\/v2\/product_tag?post=21971"}],"curies":[{"name":"wp","href":"https:\/\/api.w.org\/{rel}","templated":true}]}}