{"id":22800,"date":"2025-03-11T08:45:07","date_gmt":"2025-03-11T07:45:07","guid":{"rendered":"https:\/\/www.collinder.se\/?post_type=product&#038;p=22800"},"modified":"2026-03-27T10:44:51","modified_gmt":"2026-03-27T09:44:51","slug":"boplan-bollards","status":"publish","type":"product","link":"https:\/\/www.collinder.se\/en\/produkt\/boplan-pollare\/","title":{"rendered":"Boplan Pollare"},"content":{"rendered":"<h4>Skapa skr\u00e4ddarsydda p\u00e5k\u00f6rningsskydd med Boplans varierande utbud<\/h4>\n<p>Inom Boplanserien finns det ett stort antal tuber och r\u00e4cken i varierande l\u00e4ngder f\u00f6r att kombinera ihop kompletta p\u00e5k\u00f6rningsskydd.<br \/>\n<a title=\"kontakta oss\" href=\"https:\/\/www.collinder.se\/sida\/Kontakt\">Kontakta oss<\/a>\u00a0med dina behov f\u00f6r mer information s\u00e5 hj\u00e4lper vi er g\u00e4rna.<\/p>\n","protected":false},"excerpt":{"rendered":"Boplan erbjuder ett brett utbud av p\u00e5k\u00f6rningsskydd som kan skr\u00e4ddarsys f\u00f6r att m\u00f6ta specifika behov inom industrin, lager och andra arbetsmilj\u00f6er.\r\nDeras produkter \u00e4r utformade f\u00f6r att skydda m\u00e4nniskor, maskiner och byggnader fr\u00e5n skador som orsakas av fordon och annan utrustning.","protected":false},"featured_media":22801,"template":"","meta":{"_acf_changed":false},"product_brand":[],"product_cat":[190],"product_tag":[],"class_list":{"0":"post-22800","1":"product","2":"type-product","3":"status-publish","4":"has-post-thumbnail","6":"product_cat-lagerrensning","8":"first","9":"instock","10":"sale","11":"taxable","12":"shipping-taxable","13":"purchasable","14":"product-type-variable","15":"add-to-wishlist-before_image"},"acf":[],"_links":{"self":[{"href":"https:\/\/www.collinder.se\/wp-json\/wp\/v2\/product\/22800","targetHints":{"allow":["GET"]}}],"collection":[{"href":"https:\/\/www.collinder.se\/wp-json\/wp\/v2\/product"}],"about":[{"href":"https:\/\/www.collinder.se\/wp-json\/wp\/v2\/types\/product"}],"wp:featuredmedia":[{"embeddable":true,"href":"https:\/\/www.collinder.se\/wp-json\/wp\/v2\/media\/22801"}],"wp:attachment":[{"href":"https:\/\/www.collinder.se\/wp-json\/wp\/v2\/media?parent=22800"}],"wp:term":[{"taxonomy":"product_brand","embeddable":true,"href":"https:\/\/www.collinder.se\/wp-json\/wp\/v2\/product_brand?post=22800"},{"taxonomy":"product_cat","embeddable":true,"href":"https:\/\/www.collinder.se\/wp-json\/wp\/v2\/product_cat?post=22800"},{"taxonomy":"product_tag","embeddable":true,"href":"https:\/\/www.collinder.se\/wp-json\/wp\/v2\/product_tag?post=22800"}],"curies":[{"name":"wp","href":"https:\/\/api.w.org\/{rel}","templated":true}]}}