{"id":24250,"date":"2025-01-31T10:40:18","date_gmt":"2025-01-31T09:40:18","guid":{"rendered":"https:\/\/www.collinder.se\/?post_type=product&#038;p=24250"},"modified":"2026-03-18T10:06:25","modified_gmt":"2026-03-18T09:06:25","slug":"label-printer-cab-eos2-eos5","status":"publish","type":"product","link":"https:\/\/www.collinder.se\/en\/product\/label-printer-cab-eos2-eos5\/","title":{"rendered":"Label printer cab\u2122 EOS2\/EOS5"},"content":{"rendered":"<h4>Effektiv, flexibel och enkel att anv\u00e4nda<\/h4>\n<p>CAB EOS-serien kombinerar h\u00f6g prestanda med enkel anv\u00e4ndning.<\/p>\n<p>&nbsp;<\/p>\n<ul>\n<li>Idealisk f\u00f6r snabb och effektiv utskrift vid l\u00e4gre volymer<\/li>\n<li class=\"sr-only\"><span style=\"font-size: 16px;\">4,3\u2033 LCD-f\u00e4rgsk\u00e4rm med touchscreen f\u00f6r enkel och anv\u00e4ndarv\u00e4nlig hantering<br \/>\n<\/span><\/li>\n<li>Perfekt f\u00f6r laboratorier, elektronikindustrin, kabelm\u00e4rkning och krympslangar<\/li>\n<li>Finns med extra tillval f\u00f6r klipp- och perforeringsfunktion.<\/li>\n<li>K\u00e4rna \u00d8:\u00a038-76 mm<\/li>\n<\/ul>\n<div class=\"text-base my-auto mx-auto py-5 px-6\">\n<div class=\"mx-auto flex flex-1 text-base gap-4 md:gap-5 lg:gap-6 md:max-w-3xl lg:max-w-[40rem] xl:max-w-[48rem] group\/turn-messages focus-visible:outline-none\" tabindex=\"-1\">\n<div class=\"group\/conversation-turn relative flex w-full min-w-0 flex-col agent-turn @xs\/thread:px-0 @sm\/thread:px-1.5 @md\/thread:px-4\">\n<div class=\"relative flex-col gap-1 md:gap-3\">\n<div class=\"flex max-w-full flex-col flex-grow\">\n<div class=\"min-h-8 text-message relative flex w-full flex-col items-end gap-2 whitespace-normal break-words text-start [.text-message+&amp;]:mt-5\" dir=\"auto\" data-message-author-role=\"assistant\" data-message-id=\"25844218-a0e6-4c25-abae-fe3550fcbc67\" data-message-model-slug=\"gpt-4o-mini\">\n<div class=\"flex w-full flex-col gap-1 empty:hidden first:pt-[3px]\">\n<div class=\"markdown prose w-full break-words dark:prose-invert light\"><\/div>\n<\/div>\n<\/div>\n<\/div>\n<\/div>\n<\/div>\n<\/div>\n<\/div>\n","protected":false},"excerpt":{"rendered":"The EOS series combines smart technology with user-friendly design.\r\nWith a resolution of 300 dpi and a print speed of up to 150 mm\/s, the printers are available in two models - both with the same high performance:\r\n<ul>\r\n \t<li>EOS2 for rolls up to 152 mm in diameter<\/li>\r\n \t<li>EOS5 for rolls up to 203 mm in diameter<\/li>\r\n<\/ul>","protected":false},"featured_media":24252,"template":"","meta":{"_acf_changed":false},"product_brand":[1429],"product_cat":[88],"product_tag":[],"class_list":{"0":"post-24250","1":"product","2":"type-product","3":"status-publish","4":"has-post-thumbnail","6":"product_brand-cab-gmbh","7":"product_cat-etikettskrivare","9":"first","10":"instock","11":"taxable","12":"shipping-taxable","13":"purchasable","14":"product-type-variable","15":"add-to-wishlist-before_image"},"acf":[],"_links":{"self":[{"href":"https:\/\/www.collinder.se\/en\/wp-json\/wp\/v2\/product\/24250","targetHints":{"allow":["GET"]}}],"collection":[{"href":"https:\/\/www.collinder.se\/en\/wp-json\/wp\/v2\/product"}],"about":[{"href":"https:\/\/www.collinder.se\/en\/wp-json\/wp\/v2\/types\/product"}],"wp:featuredmedia":[{"embeddable":true,"href":"https:\/\/www.collinder.se\/en\/wp-json\/wp\/v2\/media\/24252"}],"wp:attachment":[{"href":"https:\/\/www.collinder.se\/en\/wp-json\/wp\/v2\/media?parent=24250"}],"wp:term":[{"taxonomy":"product_brand","embeddable":true,"href":"https:\/\/www.collinder.se\/en\/wp-json\/wp\/v2\/product_brand?post=24250"},{"taxonomy":"product_cat","embeddable":true,"href":"https:\/\/www.collinder.se\/en\/wp-json\/wp\/v2\/product_cat?post=24250"},{"taxonomy":"product_tag","embeddable":true,"href":"https:\/\/www.collinder.se\/en\/wp-json\/wp\/v2\/product_tag?post=24250"}],"curies":[{"name":"wp","href":"https:\/\/api.w.org\/{rel}","templated":true}]}}