{"id":673,"date":"2024-05-21T01:59:40","date_gmt":"2024-05-20T23:59:40","guid":{"rendered":"https:\/\/www.collinder.se\/produkt\/avsparrningsstolpe-beltrac-storetrac\/"},"modified":"2026-03-18T10:05:21","modified_gmt":"2026-03-18T09:05:21","slug":"beltrac-storetrac-barrier-post","status":"publish","type":"product","link":"https:\/\/www.collinder.se\/en\/produkt\/avsparrningsstolpe-beltrac-storetrac\/","title":{"rendered":"Avsp\u00e4rrningsstolpe Beltrac Storetrac Double"},"content":{"rendered":"<h2 class=\"smaller\"><span class=\"blue-txt\">Avsp\u00e4rrningsstolpe med dubbla band<\/span><\/h2>\n<p data-start=\"136\" data-end=\"655\">Storetrac Double \u00e4r en stabil avsp\u00e4rrningsl\u00f6sning f\u00f6r att snabbt och enkelt sp\u00e4rra av st\u00f6rre eller potentiellt farliga omr\u00e5den i produktion och lager. Systemet \u00e4r tillverkat i aluminium och rostfritt st\u00e5l och \u00e4r utrustat med tv\u00e5 bandmekanismer med en total bandl\u00e4ngd p\u00e5 22 meter. Den integrerade centrifugala bromsen ger kontrollerad utrullning, medan den sv\u00e4ngbara mekanismen g\u00f6r att banden kan dras ut i valfri riktning och minskar slitaget. Stolpen kan \u00e4ven anv\u00e4ndas som nav d\u00e4r upp till tre band kan kopplas samman.<\/p>\n<ul>\n<li data-start=\"657\" data-end=\"1005\"><strong data-start=\"657\" data-end=\"692\">Snabb och flexibel avsp\u00e4rrning:<\/strong> L\u00e4mplig f\u00f6r st\u00f6rre ytor i produktion och lager.<\/li>\n<li data-start=\"657\" data-end=\"1005\"><strong data-start=\"743\" data-end=\"769\">Dubbla bandmekanismer:<\/strong> Total bandl\u00e4ngd p\u00e5 22 meter med kontrollerad utrullning.<\/li>\n<li data-start=\"657\" data-end=\"1005\"><strong data-start=\"829\" data-end=\"853\">Robust konstruktion:<\/strong> Tillverkad i aluminium och rostfritt st\u00e5l f\u00f6r kr\u00e4vande milj\u00f6er.<\/li>\n<li data-start=\"657\" data-end=\"1005\"><strong data-start=\"920\" data-end=\"944\" data-is-only-node=\"\">Minskad bandslitage:<\/strong> Sv\u00e4ngbar mekanism g\u00f6r att banden kan dras i valfri riktning.<\/li>\n<\/ul>\n","protected":false},"excerpt":{"rendered":"Stabil aluminiumavsp\u00e4rrningsstolpe med dubbla band f\u00f6r anv\u00e4ndning i produktion och lager. Upp till tre band kan kopplas till en stolpe.","protected":false},"featured_media":20201,"template":"","meta":{"_acf_changed":false},"product_brand":[1440],"product_cat":[116],"product_tag":[],"class_list":{"0":"post-673","1":"product","2":"type-product","3":"status-publish","4":"has-post-thumbnail","6":"product_brand-via-guide-beltrac","7":"product_cat-avsparrning-premium-aluminium","9":"first","10":"onbackorder","11":"taxable","12":"shipping-taxable","13":"purchasable","14":"product-type-simple","15":"add-to-wishlist-before_image"},"acf":[],"_links":{"self":[{"href":"https:\/\/www.collinder.se\/wp-json\/wp\/v2\/product\/673","targetHints":{"allow":["GET"]}}],"collection":[{"href":"https:\/\/www.collinder.se\/wp-json\/wp\/v2\/product"}],"about":[{"href":"https:\/\/www.collinder.se\/wp-json\/wp\/v2\/types\/product"}],"wp:featuredmedia":[{"embeddable":true,"href":"https:\/\/www.collinder.se\/wp-json\/wp\/v2\/media\/20201"}],"wp:attachment":[{"href":"https:\/\/www.collinder.se\/wp-json\/wp\/v2\/media?parent=673"}],"wp:term":[{"taxonomy":"product_brand","embeddable":true,"href":"https:\/\/www.collinder.se\/wp-json\/wp\/v2\/product_brand?post=673"},{"taxonomy":"product_cat","embeddable":true,"href":"https:\/\/www.collinder.se\/wp-json\/wp\/v2\/product_cat?post=673"},{"taxonomy":"product_tag","embeddable":true,"href":"https:\/\/www.collinder.se\/wp-json\/wp\/v2\/product_tag?post=673"}],"curies":[{"name":"wp","href":"https:\/\/api.w.org\/{rel}","templated":true}]}}