{"id":693,"date":"2024-05-21T01:59:46","date_gmt":"2024-05-20T23:59:46","guid":{"rendered":"https:\/\/www.collinder.se\/produkt\/brady-grupplasbox-2\/"},"modified":"2026-03-20T13:39:06","modified_gmt":"2026-03-20T12:39:06","slug":"brady-group-cargo-box-2","status":"publish","type":"product","link":"https:\/\/www.collinder.se\/en\/produkt\/brady-grupplasbox-2\/","title":{"rendered":"Brady\u00ae Gruppl\u00e5sbox"},"content":{"rendered":"<p>Plats f\u00f6r 13 h\u00e4ngl\u00e5s i l\u00e5sboxens lock och f\u00f6rvaringsfacket rymmer upp till 40 l\u00e5s. Det finns en \u00f6ppning p\u00e5 l\u00e5sboxen som g\u00f6r det m\u00f6jligt att l\u00e4gga i nycklar \u00e4ven n\u00e4r l\u00e5sboxen \u00e4r l\u00e5st. Tillverkad i st\u00e5l. Pulverlackerad f\u00f6r extra rostskydd.<\/p>\n","protected":false},"excerpt":{"rendered":"R\u00f6d 227 x 152,40 x 88,90 mm","protected":false},"featured_media":16744,"template":"","meta":{"_acf_changed":false},"product_brand":[1428],"product_cat":[183],"product_tag":[],"class_list":{"0":"post-693","1":"product","2":"type-product","3":"status-publish","4":"has-post-thumbnail","6":"product_brand-brady","7":"product_cat-lasboxar-lockoutvaskor","9":"first","10":"onbackorder","11":"taxable","12":"shipping-taxable","13":"purchasable","14":"product-type-simple","15":"add-to-wishlist-before_image"},"acf":[],"_links":{"self":[{"href":"https:\/\/www.collinder.se\/wp-json\/wp\/v2\/product\/693","targetHints":{"allow":["GET"]}}],"collection":[{"href":"https:\/\/www.collinder.se\/wp-json\/wp\/v2\/product"}],"about":[{"href":"https:\/\/www.collinder.se\/wp-json\/wp\/v2\/types\/product"}],"wp:featuredmedia":[{"embeddable":true,"href":"https:\/\/www.collinder.se\/wp-json\/wp\/v2\/media\/16744"}],"wp:attachment":[{"href":"https:\/\/www.collinder.se\/wp-json\/wp\/v2\/media?parent=693"}],"wp:term":[{"taxonomy":"product_brand","embeddable":true,"href":"https:\/\/www.collinder.se\/wp-json\/wp\/v2\/product_brand?post=693"},{"taxonomy":"product_cat","embeddable":true,"href":"https:\/\/www.collinder.se\/wp-json\/wp\/v2\/product_cat?post=693"},{"taxonomy":"product_tag","embeddable":true,"href":"https:\/\/www.collinder.se\/wp-json\/wp\/v2\/product_tag?post=693"}],"curies":[{"name":"wp","href":"https:\/\/api.w.org\/{rel}","templated":true}]}}