{"id":698,"date":"2024-05-21T01:59:47","date_gmt":"2024-05-20T23:59:47","guid":{"rendered":"https:\/\/www.collinder.se\/produkt\/brady-hanglasstation-barbar\/"},"modified":"2026-03-27T10:42:59","modified_gmt":"2026-03-27T09:42:59","slug":"brady-hanging-welding-station-barbar","status":"publish","type":"product","link":"https:\/\/www.collinder.se\/en\/produkt\/brady-hanglasstation-barbar\/","title":{"rendered":"Brady\u00ae H\u00e4ngl\u00e5sstation b\u00e4rbar"},"content":{"rendered":"<ul>\n<li>Rymmer upp till 10 h\u00e4ngl\u00e5s, 6 l\u00e5sbyglar och 10 tagskyltar<\/li>\n<li>F\u00f6rborrade h\u00e5l &#8211; L\u00e4tt att montera p\u00e5 v\u00e4ggen<\/li>\n<\/ul>\n<p>OBS! Levereras utan inneh\u00e5ll<\/p>\n","protected":false},"excerpt":{"rendered":"Tillverkad av polypropylen. 432 x 337 x 64 mm.","protected":false},"featured_media":19700,"template":"","meta":{"_acf_changed":false},"product_brand":[1428],"product_cat":[183],"product_tag":[],"class_list":{"0":"post-698","1":"product","2":"type-product","3":"status-publish","4":"has-post-thumbnail","6":"product_brand-brady","7":"product_cat-lasboxar-lockoutvaskor","9":"first","10":"onbackorder","11":"taxable","12":"shipping-taxable","13":"purchasable","14":"product-type-simple","15":"add-to-wishlist-before_image"},"acf":[],"_links":{"self":[{"href":"https:\/\/www.collinder.se\/wp-json\/wp\/v2\/product\/698","targetHints":{"allow":["GET"]}}],"collection":[{"href":"https:\/\/www.collinder.se\/wp-json\/wp\/v2\/product"}],"about":[{"href":"https:\/\/www.collinder.se\/wp-json\/wp\/v2\/types\/product"}],"wp:featuredmedia":[{"embeddable":true,"href":"https:\/\/www.collinder.se\/wp-json\/wp\/v2\/media\/19700"}],"wp:attachment":[{"href":"https:\/\/www.collinder.se\/wp-json\/wp\/v2\/media?parent=698"}],"wp:term":[{"taxonomy":"product_brand","embeddable":true,"href":"https:\/\/www.collinder.se\/wp-json\/wp\/v2\/product_brand?post=698"},{"taxonomy":"product_cat","embeddable":true,"href":"https:\/\/www.collinder.se\/wp-json\/wp\/v2\/product_cat?post=698"},{"taxonomy":"product_tag","embeddable":true,"href":"https:\/\/www.collinder.se\/wp-json\/wp\/v2\/product_tag?post=698"}],"curies":[{"name":"wp","href":"https:\/\/api.w.org\/{rel}","templated":true}]}}