{"id":699,"date":"2024-05-21T01:59:47","date_gmt":"2024-05-20T23:59:47","guid":{"rendered":"https:\/\/www.collinder.se\/produkt\/brady-lockout-kompakt-lasbygel\/"},"modified":"2026-04-17T10:35:04","modified_gmt":"2026-04-17T08:35:04","slug":"brady-lockout-compact-welding-bracket","status":"publish","type":"product","link":"https:\/\/www.collinder.se\/en\/product\/brady-lockout-compact-welding-bracket\/","title":{"rendered":"Brady\u00ae Lockout compact locking bar"},"content":{"rendered":"<section class=\"text-token-text-primary w-full focus:outline-none [--shadow-height:45px] has-data-writing-block:pointer-events-none has-data-writing-block:-mt-(--shadow-height) has-data-writing-block:pt-(--shadow-height) [&amp;:has([data-writing-block])&gt;*]:pointer-events-auto [content-visibility:auto] supports-[content-visibility:auto]:[contain-intrinsic-size:auto_100lvh] R6Vx5W_threadScrollVars scroll-mb-[calc(var(--scroll-root-safe-area-inset-bottom,0px)+var(--thread-response-height))] scroll-mt-[calc(var(--header-height)+min(200px,max(70px,20svh)))]\" dir=\"auto\" data-turn-id=\"request-WEB:555ce9ae-fb57-42a2-a153-456503d82d8a-33\" data-testid=\"conversation-turn-64\" data-scroll-anchor=\"false\" data-turn=\"assistant\">\n<div class=\"text-base my-auto mx-auto pb-10 [--thread-content-margin:var(--thread-content-margin-xs,calc(var(--spacing)*4))] @w-sm\/main:[--thread-content-margin:var(--thread-content-margin-sm,calc(var(--spacing)*6))] @w-lg\/main:[--thread-content-margin:var(--thread-content-margin-lg,calc(var(--spacing)*16))] px-(--thread-content-margin)\">\n<div class=\"[--thread-content-max-width:40rem] @w-lg\/main:[--thread-content-max-width:48rem] mx-auto max-w-(--thread-content-max-width) flex-1 group\/turn-messages focus-visible:outline-hidden relative flex w-full min-w-0 flex-col agent-turn\">\n<div class=\"flex max-w-full flex-col gap-4 grow\">\n<div class=\"min-h-8 text-message relative flex w-full flex-col items-end gap-2 text-start break-words whitespace-normal outline-none keyboard-focused:focus-ring [.text-message+&amp;]:mt-1\" dir=\"auto\" tabindex=\"0\" data-message-author-role=\"assistant\" data-message-id=\"5062629e-33d9-4453-b4db-b8b3296ef2b1\" data-message-model-slug=\"gpt-5-3\" data-turn-start-message=\"true\">\n<div class=\"flex w-full flex-col gap-1 empty:hidden\">\n<div class=\"markdown prose dark:prose-invert w-full wrap-break-word light markdown-new-styling\">\n<h2 class=\"smaller\" data-start=\"44\" data-end=\"91\"><span class=\"blue-txt\">Kompakt l\u00e5sbygel i st\u00e5l f\u00f6r flera h\u00e4ngl\u00e5s<\/span><\/h2>\n<p data-start=\"166\" data-end=\"301\">L\u00e5sbygel i st\u00e5l f\u00f6r lockout d\u00e4r flera personer beh\u00f6ver l\u00e5sa samma energik\u00e4lla, vilket f\u00f6rhindrar att utrustning startas under arbete.<br \/>\nBygeln \u00e4r utrustad med tv\u00e5 haspstorlekar, 31,75 \u00d7 44,45 mm och \u00d819 mm, vilket g\u00f6r den anv\u00e4ndbar f\u00f6r olika typer av enheter fr\u00e5n mindre kopplingsdosor till st\u00f6rre reglage och spakar.<br \/>\nUpp till 6 h\u00e4ngl\u00e5s kan anv\u00e4ndas samtidigt.<\/p>\n<\/div>\n<\/div>\n<\/div>\n<\/div>\n<div class=\"mt-3 w-full empty:hidden\">\n<ul>\n<li class=\"text-center\"><strong data-start=\"538\" data-end=\"562\">F\u00f6r flera anv\u00e4ndare:<\/strong> Plats f\u00f6r upp till 6 h\u00e4ngl\u00e5s.<\/li>\n<li class=\"text-center\"><strong data-start=\"595\" data-end=\"617\">Tv\u00e5 haspstorlekar:<\/strong> 31,75 \u00d7 44,45 mm och \u00d819 mm.<\/li>\n<li class=\"text-center\"><strong data-start=\"649\" data-end=\"670\">St\u00e5lkonstruktion:<\/strong> F\u00f6r industri- och underh\u00e5llsmilj\u00f6er.<\/li>\n<li class=\"text-center\"><strong data-start=\"710\" data-end=\"734\">Flexibel anv\u00e4ndning:<\/strong> F\u00f6r olika typer av enheter.<\/li>\n<\/ul>\n<\/div>\n<\/div>\n<\/div>\n<\/section>\n<div class=\"pointer-events-none -mt-px h-px translate-y-[calc(var(--scroll-root-safe-area-inset-bottom)-14*var(--spacing))]\" aria-hidden=\"true\"><\/div>\n","protected":false},"excerpt":{"rendered":"Compact steel lock shackle for lockout. With two hasp sizes, 31.75 \u00d7 44.45 mm and \u00d819 mm.\r\nSpace for up to 6 padlocks.","protected":false},"featured_media":20643,"template":"","meta":{"_acf_changed":false},"product_brand":[1428],"product_cat":[175],"product_tag":[],"class_list":{"0":"post-699","1":"product","2":"type-product","3":"status-publish","4":"has-post-thumbnail","6":"product_brand-brady","7":"product_cat-lasbyglar-for-hanglas","9":"first","10":"onbackorder","11":"taxable","12":"shipping-taxable","13":"purchasable","14":"product-type-simple","15":"add-to-wishlist-before_image"},"acf":[],"_links":{"self":[{"href":"https:\/\/www.collinder.se\/en\/wp-json\/wp\/v2\/product\/699","targetHints":{"allow":["GET"]}}],"collection":[{"href":"https:\/\/www.collinder.se\/en\/wp-json\/wp\/v2\/product"}],"about":[{"href":"https:\/\/www.collinder.se\/en\/wp-json\/wp\/v2\/types\/product"}],"wp:featuredmedia":[{"embeddable":true,"href":"https:\/\/www.collinder.se\/en\/wp-json\/wp\/v2\/media\/20643"}],"wp:attachment":[{"href":"https:\/\/www.collinder.se\/en\/wp-json\/wp\/v2\/media?parent=699"}],"wp:term":[{"taxonomy":"product_brand","embeddable":true,"href":"https:\/\/www.collinder.se\/en\/wp-json\/wp\/v2\/product_brand?post=699"},{"taxonomy":"product_cat","embeddable":true,"href":"https:\/\/www.collinder.se\/en\/wp-json\/wp\/v2\/product_cat?post=699"},{"taxonomy":"product_tag","embeddable":true,"href":"https:\/\/www.collinder.se\/en\/wp-json\/wp\/v2\/product_tag?post=699"}],"curies":[{"name":"wp","href":"https:\/\/api.w.org\/{rel}","templated":true}]}}