{"id":700,"date":"2024-05-21T01:59:47","date_gmt":"2024-05-20T23:59:47","guid":{"rendered":"https:\/\/www.collinder.se\/produkt\/brady-lockout-kulventil\/"},"modified":"2026-03-20T13:39:06","modified_gmt":"2026-03-20T12:39:06","slug":"brady-lockout-ball-valve","status":"publish","type":"product","link":"https:\/\/www.collinder.se\/en\/produkt\/brady-lockout-kulventil\/","title":{"rendered":"Brady\u00ae Lockout Kulventil"},"content":{"rendered":"<p>Det perfekta och enkla s\u00e4ttet att st\u00e4nga kulventiler. Designen i nylon g\u00f6r det m\u00f6jligt att kontrollera i stort sett alla ventilhandtag. Tv\u00e5 stora modeller kan anv\u00e4ndas med h\u00e4ngl\u00e5s med byglar upp till 9,5 mm.<\/p>\n","protected":false},"excerpt":{"rendered":"Nylon (8 h\u00e5l), f\u00f6r handtag 6\u201325 mm.","protected":false},"featured_media":20637,"template":"","meta":{"_acf_changed":false},"product_brand":[1428],"product_cat":[174],"product_tag":[],"class_list":{"0":"post-700","1":"product","2":"type-product","3":"status-publish","4":"has-post-thumbnail","6":"product_brand-brady","7":"product_cat-las-for-ventiler","9":"first","10":"onbackorder","11":"taxable","12":"shipping-taxable","13":"purchasable","14":"product-type-simple","15":"add-to-wishlist-before_image"},"acf":[],"_links":{"self":[{"href":"https:\/\/www.collinder.se\/wp-json\/wp\/v2\/product\/700","targetHints":{"allow":["GET"]}}],"collection":[{"href":"https:\/\/www.collinder.se\/wp-json\/wp\/v2\/product"}],"about":[{"href":"https:\/\/www.collinder.se\/wp-json\/wp\/v2\/types\/product"}],"wp:featuredmedia":[{"embeddable":true,"href":"https:\/\/www.collinder.se\/wp-json\/wp\/v2\/media\/20637"}],"wp:attachment":[{"href":"https:\/\/www.collinder.se\/wp-json\/wp\/v2\/media?parent=700"}],"wp:term":[{"taxonomy":"product_brand","embeddable":true,"href":"https:\/\/www.collinder.se\/wp-json\/wp\/v2\/product_brand?post=700"},{"taxonomy":"product_cat","embeddable":true,"href":"https:\/\/www.collinder.se\/wp-json\/wp\/v2\/product_cat?post=700"},{"taxonomy":"product_tag","embeddable":true,"href":"https:\/\/www.collinder.se\/wp-json\/wp\/v2\/product_tag?post=700"}],"curies":[{"name":"wp","href":"https:\/\/api.w.org\/{rel}","templated":true}]}}