{"id":703,"date":"2024-05-21T01:59:48","date_gmt":"2024-05-20T23:59:48","guid":{"rendered":"https:\/\/www.collinder.se\/produkt\/brady-lasbox\/"},"modified":"2026-04-14T09:09:13","modified_gmt":"2026-04-14T07:09:13","slug":"brady-lasbox","status":"publish","type":"product","link":"https:\/\/www.collinder.se\/en\/product\/brady-lasbox\/","title":{"rendered":"Brady\u00ae Lockbox"},"content":{"rendered":"<h2 class=\"smaller\" data-start=\"204\" data-end=\"251\"><span class=\"blue-txt\">Kompakt l\u00e5sbox i plast med v\u00e4ggf\u00e4ste<\/span><\/h2>\n<p data-start=\"253\" data-end=\"456\">Kompakt l\u00e5sbox i r\u00f6d plast f\u00f6r f\u00f6rvaring av nycklar i industri- och servicemilj\u00f6er. Den lilla storleken g\u00f6r den l\u00e4mplig d\u00e4r utrymmet \u00e4r begr\u00e4nsat, samtidigt som den ger en tydlig och skyddad f\u00f6rvaring.<br \/>\nBoxen levereras med v\u00e4ggf\u00e4ste f\u00f6r fast montering, men kan \u00e4ven anv\u00e4ndas frist\u00e5ende vid behov. Passar f\u00f6r anv\u00e4ndning inom drift, underh\u00e5ll och installation d\u00e4r kontrollerad nyckelhantering kr\u00e4vs.<\/p>\n<div class=\"text-base my-auto mx-auto [--thread-content-margin:var(--thread-content-margin-xs,calc(var(--spacing)*4))] @w-sm\/main:[--thread-content-margin:var(--thread-content-margin-sm,calc(var(--spacing)*6))] @w-lg\/main:[--thread-content-margin:var(--thread-content-margin-lg,calc(var(--spacing)*16))] px-(--thread-content-margin)\">\n<div class=\"[--thread-content-max-width:40rem] @w-lg\/main:[--thread-content-max-width:48rem] mx-auto max-w-(--thread-content-max-width) flex-1 group\/turn-messages focus-visible:outline-hidden relative flex w-full min-w-0 flex-col agent-turn\">\n<div class=\"flex max-w-full flex-col gap-4 grow\">\n<div class=\"min-h-8 text-message relative flex w-full flex-col items-end gap-2 text-start break-words whitespace-normal outline-none keyboard-focused:focus-ring [.text-message+&amp;]:mt-1\" dir=\"auto\" data-message-author-role=\"assistant\" data-message-id=\"313c42ce-d9ae-4763-9b17-d1f8f7b74d86\" data-message-model-slug=\"gpt-5-3\">\n<div class=\"flex w-full flex-col gap-1 empty:hidden\">\n<div class=\"markdown prose dark:prose-invert w-full wrap-break-word light markdown-new-styling\">\n<ul>\n<li data-start=\"661\" data-end=\"910\"><strong data-start=\"661\" data-end=\"683\">Kompakt utf\u00f6rande:<\/strong> Tar minimalt med plats vid montering.<\/li>\n<li data-start=\"661\" data-end=\"910\"><strong data-start=\"724\" data-end=\"748\">F\u00f6r nyckelf\u00f6rvaring:<\/strong> Ger en samlad och skyddad f\u00f6rvaring.<\/li>\n<li data-start=\"661\" data-end=\"910\"><strong data-start=\"788\" data-end=\"810\">Plastkonstruktion:<\/strong> L\u00e4tt och t\u00e5lig f\u00f6r daglig anv\u00e4ndning.<\/li>\n<li data-start=\"661\" data-end=\"910\"><strong data-start=\"851\" data-end=\"869\">Med v\u00e4ggf\u00e4ste:<\/strong> F\u00f6r fast installation vid arbetsplatsen.<\/li>\n<\/ul>\n<\/div>\n<\/div>\n<\/div>\n<\/div>\n<div class=\"z-0 flex min-h-[46px] justify-start\"><\/div>\n<\/div>\n<\/div>\n","protected":false},"excerpt":{"rendered":"<p data-start=\"61\" data-end=\"221\">Compact lock box in red plastic for group locking during work and maintenance. With wall bracket for fixed mounting.<\/p>\r\n\r\n<ul>\r\n \t<li data-start=\"61\" data-end=\"221\"><strong>Dimensions:<\/strong> 100 \u00d7 148 \u00d7 70 mm<\/li>\r\n<\/ul>","protected":false},"featured_media":16628,"template":"","meta":{"_acf_changed":false},"product_brand":[1428],"product_cat":[183],"product_tag":[],"class_list":{"0":"post-703","1":"product","2":"type-product","3":"status-publish","4":"has-post-thumbnail","6":"product_brand-brady","7":"product_cat-lasboxar-lockoutvaskor","9":"first","10":"onbackorder","11":"taxable","12":"shipping-taxable","13":"purchasable","14":"product-type-simple","15":"add-to-wishlist-before_image"},"acf":[],"_links":{"self":[{"href":"https:\/\/www.collinder.se\/en\/wp-json\/wp\/v2\/product\/703","targetHints":{"allow":["GET"]}}],"collection":[{"href":"https:\/\/www.collinder.se\/en\/wp-json\/wp\/v2\/product"}],"about":[{"href":"https:\/\/www.collinder.se\/en\/wp-json\/wp\/v2\/types\/product"}],"wp:featuredmedia":[{"embeddable":true,"href":"https:\/\/www.collinder.se\/en\/wp-json\/wp\/v2\/media\/16628"}],"wp:attachment":[{"href":"https:\/\/www.collinder.se\/en\/wp-json\/wp\/v2\/media?parent=703"}],"wp:term":[{"taxonomy":"product_brand","embeddable":true,"href":"https:\/\/www.collinder.se\/en\/wp-json\/wp\/v2\/product_brand?post=703"},{"taxonomy":"product_cat","embeddable":true,"href":"https:\/\/www.collinder.se\/en\/wp-json\/wp\/v2\/product_cat?post=703"},{"taxonomy":"product_tag","embeddable":true,"href":"https:\/\/www.collinder.se\/en\/wp-json\/wp\/v2\/product_tag?post=703"}],"curies":[{"name":"wp","href":"https:\/\/api.w.org\/{rel}","templated":true}]}}