{"id":758,"date":"2024-05-21T02:00:01","date_gmt":"2024-05-21T00:00:01","guid":{"rendered":"https:\/\/www.collinder.se\/produkt\/grupplasbox-masterlock\/"},"modified":"2026-04-08T11:30:28","modified_gmt":"2026-04-08T09:30:28","slug":"group-welding-box-masterlock","status":"publish","type":"product","link":"https:\/\/www.collinder.se\/en\/product\/group-welding-box-masterlock\/","title":{"rendered":"MasterLock\u00ae group lock box"},"content":{"rendered":"<h2 class=\"smaller\"><span class=\"blue-txt\">Gruppl\u00e5sbox f\u00f6r s\u00e4ker nyckelhantering vid lockout<\/span><\/h2>\n<div class=\"text-base my-auto mx-auto [--thread-content-margin:var(--thread-content-margin-xs,calc(var(--spacing)*4))] @w-sm\/main:[--thread-content-margin:var(--thread-content-margin-sm,calc(var(--spacing)*6))] @w-lg\/main:[--thread-content-margin:var(--thread-content-margin-lg,calc(var(--spacing)*16))] px-(--thread-content-margin)\">\n<div class=\"[--thread-content-max-width:40rem] @w-lg\/main:[--thread-content-max-width:48rem] mx-auto max-w-(--thread-content-max-width) flex-1 group\/turn-messages focus-visible:outline-hidden relative flex w-full min-w-0 flex-col agent-turn\">\n<div class=\"flex max-w-full flex-col gap-4 grow\">\n<div class=\"min-h-8 text-message relative flex w-full flex-col items-end gap-2 text-start break-words whitespace-normal outline-none keyboard-focused:focus-ring [.text-message+&amp;]:mt-1\" dir=\"auto\" data-message-author-role=\"assistant\" data-message-id=\"8caaa2e6-8212-4095-9212-79c84a43f87e\" data-message-model-slug=\"gpt-5-3\">\n<div class=\"flex w-full flex-col gap-1 empty:hidden\">\n<div class=\"markdown prose dark:prose-invert w-full wrap-break-word light markdown-new-styling\">\n<div class=\"flex flex-col text-sm pb-25\">\n<section class=\"text-token-text-primary w-full focus:outline-none [--shadow-height:45px] has-data-writing-block:pointer-events-none has-data-writing-block:-mt-(--shadow-height) has-data-writing-block:pt-(--shadow-height) [&amp;:has([data-writing-block])&gt;*]:pointer-events-auto scroll-mt-[calc(var(--header-height)+min(200px,max(70px,20svh)))]\" dir=\"auto\" data-turn-id=\"request-69d4adca-c418-8327-8831-b7cb331b00ce-39\" data-testid=\"conversation-turn-134\" data-scroll-anchor=\"true\" data-turn=\"assistant\">\n<div class=\"text-base my-auto mx-auto pb-10 [--thread-content-margin:var(--thread-content-margin-xs,calc(var(--spacing)*4))] @w-sm\/main:[--thread-content-margin:var(--thread-content-margin-sm,calc(var(--spacing)*6))] @w-lg\/main:[--thread-content-margin:var(--thread-content-margin-lg,calc(var(--spacing)*16))] px-(--thread-content-margin)\">\n<div class=\"[--thread-content-max-width:40rem] @w-lg\/main:[--thread-content-max-width:48rem] mx-auto max-w-(--thread-content-max-width) flex-1 group\/turn-messages focus-visible:outline-hidden relative flex w-full min-w-0 flex-col agent-turn\">\n<div class=\"flex max-w-full flex-col gap-4 grow\">\n<div class=\"min-h-8 text-message relative flex w-full flex-col items-end gap-2 text-start break-words whitespace-normal outline-none keyboard-focused:focus-ring [.text-message+&amp;]:mt-1\" dir=\"auto\" tabindex=\"0\" data-message-author-role=\"assistant\" data-message-id=\"da38e8a5-9da8-4e83-b498-c8b8c73253d7\" data-message-model-slug=\"gpt-5-3\" data-turn-start-message=\"true\">\n<div class=\"flex w-full flex-col gap-1 empty:hidden\">\n<div class=\"markdown prose dark:prose-invert w-full wrap-break-word light markdown-new-styling\">\n<p data-start=\"277\" data-end=\"498\">Gruppl\u00e5sbox f\u00f6r hantering av nycklar fr\u00e5n flera l\u00e5sta enheter i en anl\u00e4ggning. Nycklarna l\u00e4ggs i boxen som d\u00e4refter l\u00e5ses med en eller flera anv\u00e4ndares personliga h\u00e4ngl\u00e5s.<br \/>\nBoxen rymmer ett stort antal nycklar och \u00e4r utrustad med en sp\u00e4rrhake som f\u00f6rhindrar att nycklar tas ut innan samtliga h\u00e4ngl\u00e5s har avl\u00e4gsnats. Konstruktionen \u00e4r pulverlackerad med handtag i rostfritt st\u00e5l.<\/p>\n<ul>\n<li data-start=\"707\" data-end=\"1012\"><strong data-start=\"707\" data-end=\"731\">F\u00f6r flera anv\u00e4ndare:<\/strong> Kan l\u00e5sas med upp till 12 h\u00e4ngl\u00e5s eller l\u00e5sbyglar.<\/li>\n<li data-start=\"707\" data-end=\"1012\"><strong data-start=\"785\" data-end=\"804\">Nyckelkontroll:<\/strong> Samlar nycklar fr\u00e5n flera l\u00e5sta enheter i en box.<\/li>\n<li data-start=\"707\" data-end=\"1012\"><strong data-start=\"857\" data-end=\"875\" data-is-only-node=\"\">Sp\u00e4rrfunktion:<\/strong> F\u00f6rhindrar \u00e5tkomst till nycklar innan alla l\u00e5s \u00e4r borttagna.<\/li>\n<li data-start=\"707\" data-end=\"1012\"><strong data-start=\"939\" data-end=\"960\">Robust utf\u00f6rande:<\/strong> Pulverlackerad box med handtag i rostfritt st\u00e5l.<\/li>\n<\/ul>\n<\/div>\n<\/div>\n<\/div>\n<\/div>\n<\/div>\n<\/div>\n<\/section>\n<\/div>\n<\/div>\n<\/div>\n<\/div>\n<\/div>\n<\/div>\n<\/div>\n","protected":false},"excerpt":{"rendered":"Group lockbox for storage and control of keys during lockout. Collects keys from multiple locked units and can be locked with up to 12 padlocks or shackles.","protected":false},"featured_media":20612,"template":"","meta":{"_acf_changed":false},"product_brand":[1434],"product_cat":[183],"product_tag":[],"class_list":{"0":"post-758","1":"product","2":"type-product","3":"status-publish","4":"has-post-thumbnail","6":"product_brand-masterlock","7":"product_cat-lasboxar-lockoutvaskor","9":"first","10":"instock","11":"taxable","12":"shipping-taxable","13":"purchasable","14":"product-type-simple","15":"add-to-wishlist-before_image"},"acf":[],"_links":{"self":[{"href":"https:\/\/www.collinder.se\/en\/wp-json\/wp\/v2\/product\/758","targetHints":{"allow":["GET"]}}],"collection":[{"href":"https:\/\/www.collinder.se\/en\/wp-json\/wp\/v2\/product"}],"about":[{"href":"https:\/\/www.collinder.se\/en\/wp-json\/wp\/v2\/types\/product"}],"wp:featuredmedia":[{"embeddable":true,"href":"https:\/\/www.collinder.se\/en\/wp-json\/wp\/v2\/media\/20612"}],"wp:attachment":[{"href":"https:\/\/www.collinder.se\/en\/wp-json\/wp\/v2\/media?parent=758"}],"wp:term":[{"taxonomy":"product_brand","embeddable":true,"href":"https:\/\/www.collinder.se\/en\/wp-json\/wp\/v2\/product_brand?post=758"},{"taxonomy":"product_cat","embeddable":true,"href":"https:\/\/www.collinder.se\/en\/wp-json\/wp\/v2\/product_cat?post=758"},{"taxonomy":"product_tag","embeddable":true,"href":"https:\/\/www.collinder.se\/en\/wp-json\/wp\/v2\/product_tag?post=758"}],"curies":[{"name":"wp","href":"https:\/\/api.w.org\/{rel}","templated":true}]}}