{"id":864,"date":"2024-05-21T02:00:30","date_gmt":"2024-05-21T00:00:30","guid":{"rendered":"https:\/\/www.collinder.se\/produkt\/lasbygel-nylon\/"},"modified":"2026-04-23T11:00:21","modified_gmt":"2026-04-23T09:00:21","slug":"nylon-welding-rod","status":"publish","type":"product","link":"https:\/\/www.collinder.se\/en\/produkt\/lasbygel-nylon\/","title":{"rendered":"L\u00e5sbygel nylon"},"content":{"rendered":"<h2 class=\"smaller\"><span class=\"blue-txt\">Gnists\u00e4kert l\u00e5s f\u00f6r s\u00e4ker l\u00e5sning i riskfyllda milj\u00f6er<\/span><\/h2>\n<p>Denna typ av s\u00e4kerhetsl\u00e5s anv\u00e4nds f\u00f6r att l\u00e5sa maskiner eller utrustning vid underh\u00e5lls- och reparationsarbeten. L\u00e5set har plats f\u00f6r upp till 6 st h\u00e4ngl\u00e5s, vilket g\u00f6r det m\u00f6jligt f\u00f6r flera personer att anv\u00e4nda s\u00e4kerhetsl\u00e5set samtidigt. Detta \u00f6kar s\u00e4kerheten och f\u00f6rhindrar att utrustningen kan startas eller tas i bruk innan allt arbete \u00e4r avslutat. Systemet s\u00e4kerst\u00e4ller att drift eller str\u00f6mf\u00f6rs\u00f6rjning inte kan \u00e5terst\u00e4llas f\u00f6rr\u00e4n samtliga h\u00e4ngl\u00e5s har tagits bort, vilket bidrar till en trygg och kontrollerad arbetsmilj\u00f6.<br \/>\nProdukten \u00e4r inte EX-klassad enligt de officiella certifieringsstandarderna. D\u00e4remot har den genomg\u00e5tt noggranna och likv\u00e4rdiga tester f\u00f6r att uppfylla s\u00e4kerhetskraven i milj\u00f6er med explosionsrisk. L\u00e4s mer under fliken Dokument.<\/p>\n<ul>\n<li><strong data-start=\"1113\" data-end=\"1139\">F\u00f6r flera anv\u00e4ndare: <\/strong>Rymmer upp till sex h\u00e4ngl\u00e5s samtidigt \u2013 flera arbetare kan s\u00e4kra samma l\u00e5spunkt.<\/li>\n<li data-start=\"1113\" data-end=\"1224\"><strong data-start=\"1226\" data-end=\"1264\">\u00a0Skyddar mot oavsiktlig uppstart: <\/strong>Drift kan inte \u00e5terupptas f\u00f6rr\u00e4n alla personliga h\u00e4ngl\u00e5s har tagits bort.<\/li>\n<li data-start=\"1344\" data-end=\"1475\"><strong data-start=\"1344\" data-end=\"1386\">Slitstarkt och gnists\u00e4kert material: <\/strong>Tillverkad av starkt nylon som inte leder elektricitet \u2013 l\u00e4mplig f\u00f6r riskfyllda milj\u00f6er.<\/li>\n<\/ul>\n","protected":false},"excerpt":{"rendered":"S\u00e4kerhetsl\u00e5s tillverkat av gnists\u00e4kert, ickeledande och slitstarkt nylonmaterial, med plats f\u00f6r upp till\r\n6 st h\u00e4ngl\u00e5s.\r\n<ul>\r\n \t<li>L\u00e5s: 41 mm x 174 mm<\/li>\r\n \t<li>Bygel\u00f6ppning: 25 mm x 64 mm<\/li>\r\n<\/ul>","protected":false},"featured_media":20595,"template":"","meta":{"_acf_changed":false},"product_brand":[1434],"product_cat":[172,175],"product_tag":[],"class_list":{"0":"post-864","1":"product","2":"type-product","3":"status-publish","4":"has-post-thumbnail","6":"product_brand-masterlock","7":"product_cat-las-for-el","8":"product_cat-lasbyglar-for-hanglas","10":"first","11":"instock","12":"taxable","13":"shipping-taxable","14":"purchasable","15":"product-type-simple","16":"add-to-wishlist-before_image"},"acf":[],"_links":{"self":[{"href":"https:\/\/www.collinder.se\/wp-json\/wp\/v2\/product\/864","targetHints":{"allow":["GET"]}}],"collection":[{"href":"https:\/\/www.collinder.se\/wp-json\/wp\/v2\/product"}],"about":[{"href":"https:\/\/www.collinder.se\/wp-json\/wp\/v2\/types\/product"}],"wp:featuredmedia":[{"embeddable":true,"href":"https:\/\/www.collinder.se\/wp-json\/wp\/v2\/media\/20595"}],"wp:attachment":[{"href":"https:\/\/www.collinder.se\/wp-json\/wp\/v2\/media?parent=864"}],"wp:term":[{"taxonomy":"product_brand","embeddable":true,"href":"https:\/\/www.collinder.se\/wp-json\/wp\/v2\/product_brand?post=864"},{"taxonomy":"product_cat","embeddable":true,"href":"https:\/\/www.collinder.se\/wp-json\/wp\/v2\/product_cat?post=864"},{"taxonomy":"product_tag","embeddable":true,"href":"https:\/\/www.collinder.se\/wp-json\/wp\/v2\/product_tag?post=864"}],"curies":[{"name":"wp","href":"https:\/\/api.w.org\/{rel}","templated":true}]}}