{"id":895,"date":"2024-05-21T02:00:38","date_gmt":"2024-05-21T00:00:38","guid":{"rendered":"https:\/\/www.collinder.se\/produkt\/master-skyltbygel\/"},"modified":"2026-04-08T08:52:16","modified_gmt":"2026-04-08T06:52:16","slug":"master-sign-bracket","status":"publish","type":"product","link":"https:\/\/www.collinder.se\/en\/product\/master-sign-bracket\/","title":{"rendered":"MasterLock\u00ae sign bracket"},"content":{"rendered":"<div class=\"relative basis-auto flex-col -mb-(--composer-overlap-px) pb-(--composer-overlap-px) [--composer-overlap-px:28px] grow flex\">\n<div class=\"flex flex-col text-sm pb-25\">\n<section class=\"text-token-text-primary w-full focus:outline-none [--shadow-height:45px] has-data-writing-block:pointer-events-none has-data-writing-block:-mt-(--shadow-height) has-data-writing-block:pt-(--shadow-height) [&amp;:has([data-writing-block])&gt;*]:pointer-events-auto scroll-mt-[calc(var(--header-height)+min(200px,max(70px,20svh)))]\" dir=\"auto\" data-turn-id=\"1084b9c2-21e3-42e4-8ece-58e6104a7bc6\" data-testid=\"conversation-turn-68\" data-scroll-anchor=\"true\" data-turn=\"assistant\">\n<div class=\"text-base my-auto mx-auto pb-10 [--thread-content-margin:var(--thread-content-margin-xs,calc(var(--spacing)*4))] @w-sm\/main:[--thread-content-margin:var(--thread-content-margin-sm,calc(var(--spacing)*6))] @w-lg\/main:[--thread-content-margin:var(--thread-content-margin-lg,calc(var(--spacing)*16))] px-(--thread-content-margin)\">\n<div class=\"[--thread-content-max-width:40rem] @w-lg\/main:[--thread-content-max-width:48rem] mx-auto max-w-(--thread-content-max-width) flex-1 group\/turn-messages focus-visible:outline-hidden relative flex w-full min-w-0 flex-col agent-turn\">\n<div class=\"flex max-w-full flex-col gap-4 grow\">\n<div class=\"min-h-8 text-message relative flex w-full flex-col items-end gap-2 text-start break-words whitespace-normal outline-none keyboard-focused:focus-ring [.text-message+&amp;]:mt-1\" dir=\"auto\" tabindex=\"0\" data-message-author-role=\"assistant\" data-message-id=\"1084b9c2-21e3-42e4-8ece-58e6104a7bc6\" data-turn-start-message=\"true\" data-message-model-slug=\"gpt-5-3\">\n<div class=\"flex w-full flex-col gap-1 empty:hidden\">\n<div class=\"markdown prose dark:prose-invert w-full wrap-break-word light markdown-new-styling\">\n<h2 class=\"smaller\" data-start=\"293\" data-end=\"460\"><span class=\"blue-txt\">Skyltbygel med dubbelsidig varningstext p\u00e5 engelska<\/span><\/h2>\n<p data-start=\"293\" data-end=\"460\">Skyltbygel med dubbelsidig engelsk text \u201cDANGER DO NOT OPERATE\u201d och plats f\u00f6r upp till 5 h\u00e4ngl\u00e5s (max \u00d87 mm).<br \/>\nTillverkad i aluminium och st\u00e5l med fj\u00e4derbelastad l\u00e5sarm som g\u00f6r den enkel att montera. Bygeln \u00e4r f\u00f6rsedd med skrivbar yta f\u00f6r m\u00e4rkning och identifiering.<br \/>\nM\u00e5tt 73 x 178 mm. Bygel\u00f6ppning 44 x 54 mm.<\/p>\n<ul>\n<li data-start=\"663\" data-end=\"886\"><strong data-start=\"663\" data-end=\"687\">F\u00f6r flera anv\u00e4ndare:<\/strong> Plats f\u00f6r upp till 5 h\u00e4ngl\u00e5s.<\/li>\n<li data-start=\"663\" data-end=\"886\"><strong data-start=\"720\" data-end=\"734\">Bygelm\u00e5tt:<\/strong> Bygel\u00f6ppning 44 x 54 mm.<\/li>\n<li data-start=\"663\" data-end=\"886\"><strong data-start=\"762\" data-end=\"779\">Med m\u00e4rkning:<\/strong> Dubbelsidig text \u201cDANGER DO NOT OPERATE\u201d samt skrivbar yta.<\/li>\n<li data-start=\"663\" data-end=\"886\"><strong data-start=\"842\" data-end=\"863\">Smidig montering:<\/strong> Fj\u00e4derbelastad l\u00e5sarm.<\/li>\n<\/ul>\n<\/div>\n<\/div>\n<\/div>\n<\/div>\n<\/div>\n<\/div>\n<\/section>\n<\/div>\n<\/div>\n","protected":false},"excerpt":{"rendered":"Aluminium and steel sign shackle with double-sided English text \u201cDANGER DO NOT OPERATE\u201d.\r\nSpace for up to 5 padlocks (max \u00d87 mm).\r\n<ul>\r\n \t<li><strong>Dimensions:<\/strong> 73 x 178 mm<\/li>\r\n \t<li><strong> Bar opening:<\/strong> 44 x 54 mm<\/li>\r\n<\/ul>","protected":false},"featured_media":20373,"template":"","meta":{"_acf_changed":false},"product_brand":[1434],"product_cat":[181],"product_tag":[],"class_list":{"0":"post-895","1":"product","2":"type-product","3":"status-publish","4":"has-post-thumbnail","6":"product_brand-masterlock","7":"product_cat-lasbygelskyltar","9":"first","10":"instock","11":"taxable","12":"shipping-taxable","13":"purchasable","14":"product-type-simple","15":"add-to-wishlist-before_image"},"acf":[],"_links":{"self":[{"href":"https:\/\/www.collinder.se\/en\/wp-json\/wp\/v2\/product\/895","targetHints":{"allow":["GET"]}}],"collection":[{"href":"https:\/\/www.collinder.se\/en\/wp-json\/wp\/v2\/product"}],"about":[{"href":"https:\/\/www.collinder.se\/en\/wp-json\/wp\/v2\/types\/product"}],"wp:featuredmedia":[{"embeddable":true,"href":"https:\/\/www.collinder.se\/en\/wp-json\/wp\/v2\/media\/20373"}],"wp:attachment":[{"href":"https:\/\/www.collinder.se\/en\/wp-json\/wp\/v2\/media?parent=895"}],"wp:term":[{"taxonomy":"product_brand","embeddable":true,"href":"https:\/\/www.collinder.se\/en\/wp-json\/wp\/v2\/product_brand?post=895"},{"taxonomy":"product_cat","embeddable":true,"href":"https:\/\/www.collinder.se\/en\/wp-json\/wp\/v2\/product_cat?post=895"},{"taxonomy":"product_tag","embeddable":true,"href":"https:\/\/www.collinder.se\/en\/wp-json\/wp\/v2\/product_tag?post=895"}],"curies":[{"name":"wp","href":"https:\/\/api.w.org\/{rel}","templated":true}]}}