{"id":990,"date":"2024-05-21T02:01:03","date_gmt":"2024-05-21T00:01:03","guid":{"rendered":"https:\/\/www.collinder.se\/?post_type=product&#038;p=990"},"modified":"2026-04-29T14:38:23","modified_gmt":"2026-04-29T12:38:23","slug":"117-mobile-phone-use-prohibited-by-law","status":"publish","type":"product","link":"https:\/\/www.collinder.se\/en\/produkt\/117-mobiltelefonbruk-forbjudet-afs\/","title":{"rendered":"117 Mobiltelefonbruk f\u00f6rbjudet (AFS)"},"content":{"rendered":"","protected":false},"excerpt":{"rendered":"Symbol 117 Med\/Utan standardtext. Plast- och aluminiumskylt har tjocklek 1 mm och levereras med 4 st h\u00e5l. F\u00f6r andra storlekar och laminat \u00e4n angivna\/valbara, kontakta oss!","protected":false},"featured_media":22538,"template":"","meta":{"_acf_changed":false},"product_brand":[1430],"product_cat":[134,1718,1728,1742],"product_tag":[],"class_list":{"0":"post-990","1":"product","2":"type-product","3":"status-publish","4":"has-post-thumbnail","6":"product_brand-collinder","7":"product_cat-forbudsskyltar-iso-och-afs","8":"product_cat-forbudsdekaler-iso-afs","9":"product_cat-forbudsskyltar-iso-afs","10":"product_cat-informationsskyltar","12":"first","13":"onbackorder","14":"taxable","15":"shipping-taxable","16":"purchasable","17":"product-type-variable","18":"add-to-wishlist-before_image"},"acf":[],"_links":{"self":[{"href":"https:\/\/www.collinder.se\/wp-json\/wp\/v2\/product\/990","targetHints":{"allow":["GET"]}}],"collection":[{"href":"https:\/\/www.collinder.se\/wp-json\/wp\/v2\/product"}],"about":[{"href":"https:\/\/www.collinder.se\/wp-json\/wp\/v2\/types\/product"}],"wp:featuredmedia":[{"embeddable":true,"href":"https:\/\/www.collinder.se\/wp-json\/wp\/v2\/media\/22538"}],"wp:attachment":[{"href":"https:\/\/www.collinder.se\/wp-json\/wp\/v2\/media?parent=990"}],"wp:term":[{"taxonomy":"product_brand","embeddable":true,"href":"https:\/\/www.collinder.se\/wp-json\/wp\/v2\/product_brand?post=990"},{"taxonomy":"product_cat","embeddable":true,"href":"https:\/\/www.collinder.se\/wp-json\/wp\/v2\/product_cat?post=990"},{"taxonomy":"product_tag","embeddable":true,"href":"https:\/\/www.collinder.se\/wp-json\/wp\/v2\/product_tag?post=990"}],"curies":[{"name":"wp","href":"https:\/\/api.w.org\/{rel}","templated":true}]}}